{"id":8482,"date":"2022-11-16T13:38:07","date_gmt":"2022-11-16T12:38:07","guid":{"rendered":"https:\/\/dev.comingreat.eu\/?page_id=8482"},"modified":"2022-12-08T14:40:45","modified_gmt":"2022-12-08T13:40:45","slug":"le-projet-dans-ses-grandes-lignes","status":"publish","type":"page","link":"https:\/\/comingreat-26-04.eurokey.dev\/fr\/projet-comingreat\/le-projet-dans-ses-grandes-lignes\/","title":{"rendered":"Le projet dans ses grandes lignes"},"content":{"rendered":"\t\t<div data-elementor-type=\"wp-page\" data-elementor-id=\"8482\" class=\"elementor elementor-8482 elementor-8481\" data-elementor-post-type=\"page\">\n\t\t\t\t\t\t<section class=\"elementor-section elementor-top-section elementor-element elementor-element-1bd048f elementor-section-content-middle elementor-section-boxed elementor-section-height-default elementor-section-height-default\" data-id=\"1bd048f\" data-element_type=\"section\" data-e-type=\"section\" data-settings=\"{&quot;background_background&quot;:&quot;classic&quot;}\">\n\t\t\t\t\t\t<div class=\"elementor-container elementor-column-gap-default\">\n\t\t\t\t\t<div class=\"elementor-column elementor-col-33 elementor-top-column elementor-element elementor-element-e026b34\" data-id=\"e026b34\" data-element_type=\"column\" data-e-type=\"column\">\n\t\t\t<div class=\"elementor-widget-wrap elementor-element-populated\">\n\t\t\t\t\t\t<div class=\"elementor-element elementor-element-2d9749a elementor-widget elementor-widget-heading\" data-id=\"2d9749a\" data-element_type=\"widget\" data-e-type=\"widget\" data-widget_type=\"heading.default\">\n\t\t\t\t<div class=\"elementor-widget-container\">\n\t\t\t\t\t<h1 class=\"elementor-heading-title elementor-size-default\"><span style=\"font-weight: 600;color: var(--e-global-color-accent)\">CoMinGreat<\/span> \u2013 mise en place d'une plateforme d\u00e9di\u00e9e aux micropolluants pour la Grande R\u00e9gion <\/h1>\t\t\t\t<\/div>\n\t\t\t\t<\/div>\n\t\t\t\t<div class=\"elementor-element elementor-element-14ba43b elementor-widget elementor-widget-heading\" data-id=\"14ba43b\" data-element_type=\"widget\" data-e-type=\"widget\" data-widget_type=\"heading.default\">\n\t\t\t\t<div class=\"elementor-widget-container\">\n\t\t\t\t\t<h2 class=\"elementor-heading-title elementor-size-default\"><span style=\"font-weight: 600;color: var(--e-global-color-accent)\">Co<\/span>mpetence platform for <span style=\"font-weight: 600;color: var(--e-global-color-accent)\">m<\/span>icro-pollutants<span style=\"font-weight: 600;color: var(--e-global-color-accent)\"> in<\/span> the <span style=\"font-weight: 600;color: var(--e-global-color-accent)\">Great<\/span>er Region<\/h2>\t\t\t\t<\/div>\n\t\t\t\t<\/div>\n\t\t\t\t<div class=\"elementor-element elementor-element-c3bcadf elementor-widget elementor-widget-text-editor\" data-id=\"c3bcadf\" data-element_type=\"widget\" data-e-type=\"widget\" data-widget_type=\"text-editor.default\">\n\t\t\t\t<div class=\"elementor-widget-container\">\n\t\t\t\t\t\t\t\t\t<p>Le projet CoMinGreat a pour fonction de collecter et d&rsquo;harmoniser le savoir sur le th\u00e8me des micropolluants dans la Grande R\u00e9gion, d&rsquo;\u00e9tendre les comp\u00e9tences existantes, de pratiquer le transfert de savoir et d&rsquo;encourager la coop\u00e9ration transfrontali\u00e8re. \u00c0 cet effet, une plateforme internet combin\u00e9e \u00e0 une carte interactive va \u00eatre cr\u00e9\u00e9e. S&rsquo;y ajoute un centre d&rsquo;information et de d\u00e9monstration comme point de contact central pour les acteurs et les d\u00e9cideurs de la Grande R\u00e9gion ainsi que pour le public int\u00e9ress\u00e9.<\/p><p>Un autre objectif est le d\u00e9veloppement d&rsquo;instruments de planification bas\u00e9s sur des mod\u00e8les permettant de concevoir des strat\u00e9gies d&rsquo;exploitation bas\u00e9es sur des immissions et orient\u00e9es selon les ressources. Diff\u00e9rents proc\u00e9d\u00e9s d&rsquo;\u00e9limination des micropolluants sont r\u00e9alis\u00e9s dans une station d&rsquo;\u00e9puration de r\u00e9f\u00e9rence, exp\u00e9riment\u00e9s, compar\u00e9s et mod\u00e9lis\u00e9s.<\/p>\t\t\t\t\t\t\t\t<\/div>\n\t\t\t\t<\/div>\n\t\t\t\t\t<\/div>\n\t\t<\/div>\n\t\t\t\t<div class=\"elementor-column elementor-col-33 elementor-top-column elementor-element elementor-element-1d7ec99\" data-id=\"1d7ec99\" data-element_type=\"column\" data-e-type=\"column\">\n\t\t\t<div class=\"elementor-widget-wrap\">\n\t\t\t\t\t\t\t<\/div>\n\t\t<\/div>\n\t\t\t\t<div class=\"elementor-column elementor-col-33 elementor-top-column elementor-element elementor-element-b96fa4c\" data-id=\"b96fa4c\" data-element_type=\"column\" data-e-type=\"column\">\n\t\t\t<div class=\"elementor-widget-wrap elementor-element-populated\">\n\t\t\t\t\t\t<div class=\"elementor-element elementor-element-2ffcf71 elementor-widget elementor-widget-heading\" data-id=\"2ffcf71\" data-element_type=\"widget\" data-e-type=\"widget\" data-widget_type=\"heading.default\">\n\t\t\t\t<div class=\"elementor-widget-container\">\n\t\t\t\t\t<h3 class=\"elementor-heading-title elementor-size-default\">Informations sur le projet<\/h3>\t\t\t\t<\/div>\n\t\t\t\t<\/div>\n\t\t\t\t<div class=\"elementor-element elementor-element-25d3c76 elementor-widget-divider--view-line elementor-widget elementor-widget-divider\" data-id=\"25d3c76\" data-element_type=\"widget\" data-e-type=\"widget\" data-widget_type=\"divider.default\">\n\t\t\t\t<div class=\"elementor-widget-container\">\n\t\t\t\t\t\t\t<div class=\"elementor-divider\">\n\t\t\t<span class=\"elementor-divider-separator\">\n\t\t\t\t\t\t<\/span>\n\t\t<\/div>\n\t\t\t\t\t\t<\/div>\n\t\t\t\t<\/div>\n\t\t\t\t<div class=\"elementor-element elementor-element-f67301f elementor-widget elementor-widget-text-editor\" data-id=\"f67301f\" data-element_type=\"widget\" data-e-type=\"widget\" data-widget_type=\"text-editor.default\">\n\t\t\t\t<div class=\"elementor-widget-container\">\n\t\t\t\t\t\t\t\t\t<h6><strong>Programme de soutien<\/strong><\/h6><p>Programme transfrontalier de coop\u00e9ration territoriale europ\u00e9enne 2014-2020 INTERREG V A \u00ab\u00a0Grande R\u00e9gion\u00a0\u00bb. La Grande R\u00e9gion est un espace compos\u00e9 par la Lorraine, la Wallonie, le Luxembourg, certaines r\u00e9gions de Rh\u00e9nanie-Palatinat et la Sarre.<\/p><h6><strong>Dur\u00e9e<\/strong><\/h6><p>01.01.2021 \u2013 31.12.2022<\/p><h6><strong>Co\u00fbts totaux du projet<\/strong><\/h6><p>1.953.993,13 Euros<\/p><h6><strong>Dont fonds du FEDER\u00a0:<\/strong><\/h6><p>1.172.395,86 Euro (60 %)<\/p>\t\t\t\t\t\t\t\t<\/div>\n\t\t\t\t<\/div>\n\t\t\t\t<div class=\"elementor-element elementor-element-be38b8d elementor-widget-divider--view-line elementor-widget elementor-widget-divider\" data-id=\"be38b8d\" data-element_type=\"widget\" data-e-type=\"widget\" data-widget_type=\"divider.default\">\n\t\t\t\t<div class=\"elementor-widget-container\">\n\t\t\t\t\t\t\t<div class=\"elementor-divider\">\n\t\t\t<span class=\"elementor-divider-separator\">\n\t\t\t\t\t\t<\/span>\n\t\t<\/div>\n\t\t\t\t\t\t<\/div>\n\t\t\t\t<\/div>\n\t\t\t\t<div class=\"elementor-element elementor-element-f7e4237 elementor-widget elementor-widget-text-editor\" data-id=\"f7e4237\" data-element_type=\"widget\" data-e-type=\"widget\" data-widget_type=\"text-editor.default\">\n\t\t\t\t<div class=\"elementor-widget-container\">\n\t\t\t\t\t\t\t\t\t<p><a href=\"http:\/\/www.interreg-gr.eu\/de\/programm\/\" target=\"_blank\" rel=\"noopener\">Le programme \u2013 Interreg V A Grande R\u00e9gion (interreg-gr.eu)<\/a><\/p>\t\t\t\t\t\t\t\t<\/div>\n\t\t\t\t<\/div>\n\t\t\t\t\t<\/div>\n\t\t<\/div>\n\t\t\t\t\t<\/div>\n\t\t<\/section>\n\t\t\t\t<section class=\"elementor-section elementor-top-section elementor-element elementor-element-7a76089 elementor-section-boxed elementor-section-height-default elementor-section-height-default\" data-id=\"7a76089\" data-element_type=\"section\" data-e-type=\"section\">\n\t\t\t\t\t\t<div class=\"elementor-container elementor-column-gap-default\">\n\t\t\t\t\t<div class=\"elementor-column elementor-col-100 elementor-top-column elementor-element elementor-element-d82184c\" data-id=\"d82184c\" data-element_type=\"column\" data-e-type=\"column\">\n\t\t\t<div class=\"elementor-widget-wrap elementor-element-populated\">\n\t\t\t\t\t\t<div class=\"elementor-element elementor-element-af7d1c1 solo elementor-widget elementor-widget-heading\" data-id=\"af7d1c1\" data-element_type=\"widget\" data-e-type=\"widget\" data-widget_type=\"heading.default\">\n\t\t\t\t<div class=\"elementor-widget-container\">\n\t\t\t\t\t<h2 class=\"elementor-heading-title elementor-size-default\">Infographie<\/h2>\t\t\t\t<\/div>\n\t\t\t\t<\/div>\n\t\t\t\t<section class=\"elementor-section elementor-inner-section elementor-element elementor-element-ed04093 elementor-section-boxed elementor-section-height-default elementor-section-height-default\" data-id=\"ed04093\" data-element_type=\"section\" data-e-type=\"section\">\n\t\t\t\t\t\t<div class=\"elementor-container elementor-column-gap-default\">\n\t\t\t\t\t<div class=\"elementor-column elementor-col-33 elementor-inner-column elementor-element elementor-element-7a70547\" data-id=\"7a70547\" data-element_type=\"column\" data-e-type=\"column\">\n\t\t\t<div class=\"elementor-widget-wrap\">\n\t\t\t\t\t\t\t<\/div>\n\t\t<\/div>\n\t\t\t\t<div class=\"elementor-column elementor-col-33 elementor-inner-column elementor-element elementor-element-be5e2e5\" data-id=\"be5e2e5\" data-element_type=\"column\" data-e-type=\"column\">\n\t\t\t<div class=\"elementor-widget-wrap elementor-element-populated\">\n\t\t\t\t\t\t<div class=\"elementor-element elementor-element-0265c38 elementor-widget elementor-widget-image\" data-id=\"0265c38\" data-element_type=\"widget\" data-e-type=\"widget\" data-widget_type=\"image.default\">\n\t\t\t\t<div class=\"elementor-widget-container\">\n\t\t\t\t\t\t\t\t\t\t\t\t\t\t\t<img fetchpriority=\"high\" decoding=\"async\" width=\"1810\" height=\"2560\" src=\"https:\/\/comingreat-26-04.eurokey.dev\/wp-content\/uploads\/2021\/11\/CoMinGreat_Poster-scaled.jpg\" class=\"attachment-full size-full wp-image-306\" alt=\"\" srcset=\"https:\/\/comingreat-26-04.eurokey.dev\/wp-content\/uploads\/2021\/11\/CoMinGreat_Poster-scaled.jpg 1810w, https:\/\/comingreat-26-04.eurokey.dev\/wp-content\/uploads\/2021\/11\/CoMinGreat_Poster-212x300.jpg 212w, https:\/\/comingreat-26-04.eurokey.dev\/wp-content\/uploads\/2021\/11\/CoMinGreat_Poster-724x1024.jpg 724w, https:\/\/comingreat-26-04.eurokey.dev\/wp-content\/uploads\/2021\/11\/CoMinGreat_Poster-768x1086.jpg 768w, https:\/\/comingreat-26-04.eurokey.dev\/wp-content\/uploads\/2021\/11\/CoMinGreat_Poster-1086x1536.jpg 1086w, https:\/\/comingreat-26-04.eurokey.dev\/wp-content\/uploads\/2021\/11\/CoMinGreat_Poster-1448x2048.jpg 1448w\" sizes=\"(max-width: 1810px) 100vw, 1810px\" \/>\t\t\t\t\t\t\t\t\t\t\t\t\t\t\t<\/div>\n\t\t\t\t<\/div>\n\t\t\t\t\t<\/div>\n\t\t<\/div>\n\t\t\t\t<div class=\"elementor-column elementor-col-33 elementor-inner-column elementor-element elementor-element-874c987\" data-id=\"874c987\" data-element_type=\"column\" data-e-type=\"column\">\n\t\t\t<div class=\"elementor-widget-wrap\">\n\t\t\t\t\t\t\t<\/div>\n\t\t<\/div>\n\t\t\t\t\t<\/div>\n\t\t<\/section>\n\t\t\t\t\t<\/div>\n\t\t<\/div>\n\t\t\t\t\t<\/div>\n\t\t<\/section>\n\t\t\t\t<section class=\"elementor-section elementor-top-section elementor-element elementor-element-bc7beed elementor-section-boxed elementor-section-height-default elementor-section-height-default\" data-id=\"bc7beed\" data-element_type=\"section\" data-e-type=\"section\" data-settings=\"{&quot;background_background&quot;:&quot;classic&quot;}\">\n\t\t\t\t\t\t<div class=\"elementor-container elementor-column-gap-default\">\n\t\t\t\t\t<div class=\"elementor-column elementor-col-100 elementor-top-column elementor-element elementor-element-f7c9023\" data-id=\"f7c9023\" data-element_type=\"column\" data-e-type=\"column\">\n\t\t\t<div class=\"elementor-widget-wrap elementor-element-populated\">\n\t\t\t\t\t\t<div class=\"elementor-element elementor-element-a9a8efc solo elementor-widget elementor-widget-heading\" data-id=\"a9a8efc\" data-element_type=\"widget\" data-e-type=\"widget\" data-widget_type=\"heading.default\">\n\t\t\t\t<div class=\"elementor-widget-container\">\n\t\t\t\t\t<h2 class=\"elementor-heading-title elementor-size-default\">Vid\u00e9o sur le projet<\/h2>\t\t\t\t<\/div>\n\t\t\t\t<\/div>\n\t\t\t\t<div class=\"elementor-element elementor-element-219870f elementor-widget elementor-widget-video\" data-id=\"219870f\" data-element_type=\"widget\" data-e-type=\"widget\" data-settings=\"{&quot;youtube_url&quot;:&quot;https:\\\/\\\/youtu.be\\\/-tANxGMFCGM&quot;,&quot;video_type&quot;:&quot;youtube&quot;,&quot;controls&quot;:&quot;yes&quot;}\" data-widget_type=\"video.default\">\n\t\t\t\t<div class=\"elementor-widget-container\">\n\t\t\t\t\t\t\t<div class=\"elementor-wrapper elementor-open-inline\">\n\t\t\t<div class=\"elementor-video\"><\/div>\t\t<\/div>\n\t\t\t\t\t\t<\/div>\n\t\t\t\t<\/div>\n\t\t\t\t\t<\/div>\n\t\t<\/div>\n\t\t\t\t\t<\/div>\n\t\t<\/section>\n\t\t\t\t<\/div>\n\t\t","protected":false},"excerpt":{"rendered":"<p>CoMinGreat \u2013 mise en place d&rsquo;une plateforme d\u00e9di\u00e9e aux micropolluants pour la Grande R\u00e9gion Competence platform for micro-pollutants in the Greater Region Le projet CoMinGreat a pour fonction de collecter et d&rsquo;harmoniser le savoir sur le th\u00e8me des micropolluants dans la Grande R\u00e9gion, d&rsquo;\u00e9tendre les comp\u00e9tences existantes, de pratiquer le transfert de savoir et d&rsquo;encourager [&hellip;]<\/p>\n","protected":false},"author":1,"featured_media":0,"parent":1419,"menu_order":1,"comment_status":"closed","ping_status":"closed","template":"","meta":{"footnotes":""},"class_list":["post-8482","page","type-page","status-publish","hentry"],"yoast_head":"<!-- This site is optimized with the Yoast SEO plugin v27.3 - https:\/\/yoast.com\/product\/yoast-seo-wordpress\/ -->\n<title>Le projet dans ses grandes lignes - CoMinGreat<\/title>\n<meta name=\"robots\" content=\"index, follow, max-snippet:-1, max-image-preview:large, max-video-preview:-1\" \/>\n<link rel=\"canonical\" href=\"https:\/\/comingreat-26-04.eurokey.dev\/fr\/projet-comingreat\/le-projet-dans-ses-grandes-lignes\/\" \/>\n<meta property=\"og:locale\" content=\"fr_FR\" \/>\n<meta property=\"og:type\" content=\"article\" \/>\n<meta property=\"og:title\" content=\"Le projet dans ses grandes lignes - CoMinGreat\" \/>\n<meta property=\"og:description\" content=\"CoMinGreat \u2013 mise en place d&rsquo;une plateforme d\u00e9di\u00e9e aux micropolluants pour la Grande R\u00e9gion Competence platform for micro-pollutants in the Greater Region Le projet CoMinGreat a pour fonction de collecter et d&rsquo;harmoniser le savoir sur le th\u00e8me des micropolluants dans la Grande R\u00e9gion, d&rsquo;\u00e9tendre les comp\u00e9tences existantes, de pratiquer le transfert de savoir et d&rsquo;encourager [&hellip;]\" \/>\n<meta property=\"og:url\" content=\"https:\/\/comingreat-26-04.eurokey.dev\/fr\/projet-comingreat\/le-projet-dans-ses-grandes-lignes\/\" \/>\n<meta property=\"og:site_name\" content=\"CoMinGreat\" \/>\n<meta property=\"article:modified_time\" content=\"2022-12-08T13:40:45+00:00\" \/>\n<meta property=\"og:image\" content=\"https:\/\/comingreat-26-04.eurokey.dev\/wp-content\/uploads\/2021\/11\/CoMinGreat_Poster-scaled.jpg\" \/>\n<meta name=\"twitter:card\" content=\"summary_large_image\" \/>\n<meta name=\"twitter:label1\" content=\"Dur\u00e9e de lecture estim\u00e9e\" \/>\n\t<meta name=\"twitter:data1\" content=\"2 minutes\" \/>\n<script type=\"application\/ld+json\" class=\"yoast-schema-graph\">{\"@context\":\"https:\\\/\\\/schema.org\",\"@graph\":[{\"@type\":\"WebPage\",\"@id\":\"https:\\\/\\\/comingreat-26-04.eurokey.dev\\\/fr\\\/projet-comingreat\\\/le-projet-dans-ses-grandes-lignes\\\/\",\"url\":\"https:\\\/\\\/comingreat-26-04.eurokey.dev\\\/fr\\\/projet-comingreat\\\/le-projet-dans-ses-grandes-lignes\\\/\",\"name\":\"Le projet dans ses grandes lignes - CoMinGreat\",\"isPartOf\":{\"@id\":\"https:\\\/\\\/comingreat-26-04.eurokey.dev\\\/fr\\\/#website\"},\"primaryImageOfPage\":{\"@id\":\"https:\\\/\\\/comingreat-26-04.eurokey.dev\\\/fr\\\/projet-comingreat\\\/le-projet-dans-ses-grandes-lignes\\\/#primaryimage\"},\"image\":{\"@id\":\"https:\\\/\\\/comingreat-26-04.eurokey.dev\\\/fr\\\/projet-comingreat\\\/le-projet-dans-ses-grandes-lignes\\\/#primaryimage\"},\"thumbnailUrl\":\"https:\\\/\\\/comingreat-26-04.eurokey.dev\\\/wp-content\\\/uploads\\\/2021\\\/11\\\/CoMinGreat_Poster-scaled.jpg\",\"datePublished\":\"2022-11-16T12:38:07+00:00\",\"dateModified\":\"2022-12-08T13:40:45+00:00\",\"breadcrumb\":{\"@id\":\"https:\\\/\\\/comingreat-26-04.eurokey.dev\\\/fr\\\/projet-comingreat\\\/le-projet-dans-ses-grandes-lignes\\\/#breadcrumb\"},\"inLanguage\":\"fr-FR\",\"potentialAction\":[{\"@type\":\"ReadAction\",\"target\":[\"https:\\\/\\\/comingreat-26-04.eurokey.dev\\\/fr\\\/projet-comingreat\\\/le-projet-dans-ses-grandes-lignes\\\/\"]}]},{\"@type\":\"ImageObject\",\"inLanguage\":\"fr-FR\",\"@id\":\"https:\\\/\\\/comingreat-26-04.eurokey.dev\\\/fr\\\/projet-comingreat\\\/le-projet-dans-ses-grandes-lignes\\\/#primaryimage\",\"url\":\"https:\\\/\\\/comingreat-26-04.eurokey.dev\\\/wp-content\\\/uploads\\\/2021\\\/11\\\/CoMinGreat_Poster-scaled.jpg\",\"contentUrl\":\"https:\\\/\\\/comingreat-26-04.eurokey.dev\\\/wp-content\\\/uploads\\\/2021\\\/11\\\/CoMinGreat_Poster-scaled.jpg\"},{\"@type\":\"BreadcrumbList\",\"@id\":\"https:\\\/\\\/comingreat-26-04.eurokey.dev\\\/fr\\\/projet-comingreat\\\/le-projet-dans-ses-grandes-lignes\\\/#breadcrumb\",\"itemListElement\":[{\"@type\":\"ListItem\",\"position\":1,\"name\":\"Page d'acceuil\",\"item\":\"https:\\\/\\\/comingreat-26-04.eurokey.dev\\\/fr\\\/\"},{\"@type\":\"ListItem\",\"position\":2,\"name\":\"Projet CoMinGreat\",\"item\":\"https:\\\/\\\/comingreat-26-04.eurokey.dev\\\/fr\\\/projet-comingreat\\\/\"},{\"@type\":\"ListItem\",\"position\":3,\"name\":\"Le projet dans ses grandes lignes\"}]},{\"@type\":\"WebSite\",\"@id\":\"https:\\\/\\\/comingreat-26-04.eurokey.dev\\\/fr\\\/#website\",\"url\":\"https:\\\/\\\/comingreat-26-04.eurokey.dev\\\/fr\\\/\",\"name\":\"CoMinGreat\",\"description\":\"Mikroschadstoffe in der Gro\u00dfregion\",\"publisher\":{\"@id\":\"https:\\\/\\\/comingreat-26-04.eurokey.dev\\\/fr\\\/#organization\"},\"potentialAction\":[{\"@type\":\"SearchAction\",\"target\":{\"@type\":\"EntryPoint\",\"urlTemplate\":\"https:\\\/\\\/comingreat-26-04.eurokey.dev\\\/fr\\\/?s={search_term_string}\"},\"query-input\":{\"@type\":\"PropertyValueSpecification\",\"valueRequired\":true,\"valueName\":\"search_term_string\"}}],\"inLanguage\":\"fr-FR\"},{\"@type\":\"Organization\",\"@id\":\"https:\\\/\\\/comingreat-26-04.eurokey.dev\\\/fr\\\/#organization\",\"name\":\"CoMinGreat\",\"url\":\"https:\\\/\\\/comingreat-26-04.eurokey.dev\\\/fr\\\/\",\"logo\":{\"@type\":\"ImageObject\",\"inLanguage\":\"fr-FR\",\"@id\":\"https:\\\/\\\/comingreat-26-04.eurokey.dev\\\/fr\\\/#\\\/schema\\\/logo\\\/image\\\/\",\"url\":\"https:\\\/\\\/comingreat-26-04.eurokey.dev\\\/wp-content\\\/uploads\\\/2022\\\/09\\\/Interreg_GR_CoMinGreat_RGB_web.svg\",\"contentUrl\":\"https:\\\/\\\/comingreat-26-04.eurokey.dev\\\/wp-content\\\/uploads\\\/2022\\\/09\\\/Interreg_GR_CoMinGreat_RGB_web.svg\",\"width\":437,\"height\":177,\"caption\":\"CoMinGreat\"},\"image\":{\"@id\":\"https:\\\/\\\/comingreat-26-04.eurokey.dev\\\/fr\\\/#\\\/schema\\\/logo\\\/image\\\/\"}}]}<\/script>\n<!-- \/ Yoast SEO plugin. -->","yoast_head_json":{"title":"Le projet dans ses grandes lignes - CoMinGreat","robots":{"index":"index","follow":"follow","max-snippet":"max-snippet:-1","max-image-preview":"max-image-preview:large","max-video-preview":"max-video-preview:-1"},"canonical":"https:\/\/comingreat-26-04.eurokey.dev\/fr\/projet-comingreat\/le-projet-dans-ses-grandes-lignes\/","og_locale":"fr_FR","og_type":"article","og_title":"Le projet dans ses grandes lignes - CoMinGreat","og_description":"CoMinGreat \u2013 mise en place d&rsquo;une plateforme d\u00e9di\u00e9e aux micropolluants pour la Grande R\u00e9gion Competence platform for micro-pollutants in the Greater Region Le projet CoMinGreat a pour fonction de collecter et d&rsquo;harmoniser le savoir sur le th\u00e8me des micropolluants dans la Grande R\u00e9gion, d&rsquo;\u00e9tendre les comp\u00e9tences existantes, de pratiquer le transfert de savoir et d&rsquo;encourager [&hellip;]","og_url":"https:\/\/comingreat-26-04.eurokey.dev\/fr\/projet-comingreat\/le-projet-dans-ses-grandes-lignes\/","og_site_name":"CoMinGreat","article_modified_time":"2022-12-08T13:40:45+00:00","og_image":[{"url":"https:\/\/comingreat-26-04.eurokey.dev\/wp-content\/uploads\/2021\/11\/CoMinGreat_Poster-scaled.jpg","type":"","width":"","height":""}],"twitter_card":"summary_large_image","twitter_misc":{"Dur\u00e9e de lecture estim\u00e9e":"2 minutes"},"schema":{"@context":"https:\/\/schema.org","@graph":[{"@type":"WebPage","@id":"https:\/\/comingreat-26-04.eurokey.dev\/fr\/projet-comingreat\/le-projet-dans-ses-grandes-lignes\/","url":"https:\/\/comingreat-26-04.eurokey.dev\/fr\/projet-comingreat\/le-projet-dans-ses-grandes-lignes\/","name":"Le projet dans ses grandes lignes - CoMinGreat","isPartOf":{"@id":"https:\/\/comingreat-26-04.eurokey.dev\/fr\/#website"},"primaryImageOfPage":{"@id":"https:\/\/comingreat-26-04.eurokey.dev\/fr\/projet-comingreat\/le-projet-dans-ses-grandes-lignes\/#primaryimage"},"image":{"@id":"https:\/\/comingreat-26-04.eurokey.dev\/fr\/projet-comingreat\/le-projet-dans-ses-grandes-lignes\/#primaryimage"},"thumbnailUrl":"https:\/\/comingreat-26-04.eurokey.dev\/wp-content\/uploads\/2021\/11\/CoMinGreat_Poster-scaled.jpg","datePublished":"2022-11-16T12:38:07+00:00","dateModified":"2022-12-08T13:40:45+00:00","breadcrumb":{"@id":"https:\/\/comingreat-26-04.eurokey.dev\/fr\/projet-comingreat\/le-projet-dans-ses-grandes-lignes\/#breadcrumb"},"inLanguage":"fr-FR","potentialAction":[{"@type":"ReadAction","target":["https:\/\/comingreat-26-04.eurokey.dev\/fr\/projet-comingreat\/le-projet-dans-ses-grandes-lignes\/"]}]},{"@type":"ImageObject","inLanguage":"fr-FR","@id":"https:\/\/comingreat-26-04.eurokey.dev\/fr\/projet-comingreat\/le-projet-dans-ses-grandes-lignes\/#primaryimage","url":"https:\/\/comingreat-26-04.eurokey.dev\/wp-content\/uploads\/2021\/11\/CoMinGreat_Poster-scaled.jpg","contentUrl":"https:\/\/comingreat-26-04.eurokey.dev\/wp-content\/uploads\/2021\/11\/CoMinGreat_Poster-scaled.jpg"},{"@type":"BreadcrumbList","@id":"https:\/\/comingreat-26-04.eurokey.dev\/fr\/projet-comingreat\/le-projet-dans-ses-grandes-lignes\/#breadcrumb","itemListElement":[{"@type":"ListItem","position":1,"name":"Page d'acceuil","item":"https:\/\/comingreat-26-04.eurokey.dev\/fr\/"},{"@type":"ListItem","position":2,"name":"Projet CoMinGreat","item":"https:\/\/comingreat-26-04.eurokey.dev\/fr\/projet-comingreat\/"},{"@type":"ListItem","position":3,"name":"Le projet dans ses grandes lignes"}]},{"@type":"WebSite","@id":"https:\/\/comingreat-26-04.eurokey.dev\/fr\/#website","url":"https:\/\/comingreat-26-04.eurokey.dev\/fr\/","name":"CoMinGreat","description":"Mikroschadstoffe in der Gro\u00dfregion","publisher":{"@id":"https:\/\/comingreat-26-04.eurokey.dev\/fr\/#organization"},"potentialAction":[{"@type":"SearchAction","target":{"@type":"EntryPoint","urlTemplate":"https:\/\/comingreat-26-04.eurokey.dev\/fr\/?s={search_term_string}"},"query-input":{"@type":"PropertyValueSpecification","valueRequired":true,"valueName":"search_term_string"}}],"inLanguage":"fr-FR"},{"@type":"Organization","@id":"https:\/\/comingreat-26-04.eurokey.dev\/fr\/#organization","name":"CoMinGreat","url":"https:\/\/comingreat-26-04.eurokey.dev\/fr\/","logo":{"@type":"ImageObject","inLanguage":"fr-FR","@id":"https:\/\/comingreat-26-04.eurokey.dev\/fr\/#\/schema\/logo\/image\/","url":"https:\/\/comingreat-26-04.eurokey.dev\/wp-content\/uploads\/2022\/09\/Interreg_GR_CoMinGreat_RGB_web.svg","contentUrl":"https:\/\/comingreat-26-04.eurokey.dev\/wp-content\/uploads\/2022\/09\/Interreg_GR_CoMinGreat_RGB_web.svg","width":437,"height":177,"caption":"CoMinGreat"},"image":{"@id":"https:\/\/comingreat-26-04.eurokey.dev\/fr\/#\/schema\/logo\/image\/"}}]}},"_links":{"self":[{"href":"https:\/\/comingreat-26-04.eurokey.dev\/fr\/wp-json\/wp\/v2\/pages\/8482","targetHints":{"allow":["GET"]}}],"collection":[{"href":"https:\/\/comingreat-26-04.eurokey.dev\/fr\/wp-json\/wp\/v2\/pages"}],"about":[{"href":"https:\/\/comingreat-26-04.eurokey.dev\/fr\/wp-json\/wp\/v2\/types\/page"}],"author":[{"embeddable":true,"href":"https:\/\/comingreat-26-04.eurokey.dev\/fr\/wp-json\/wp\/v2\/users\/1"}],"replies":[{"embeddable":true,"href":"https:\/\/comingreat-26-04.eurokey.dev\/fr\/wp-json\/wp\/v2\/comments?post=8482"}],"version-history":[{"count":21,"href":"https:\/\/comingreat-26-04.eurokey.dev\/fr\/wp-json\/wp\/v2\/pages\/8482\/revisions"}],"predecessor-version":[{"id":11948,"href":"https:\/\/comingreat-26-04.eurokey.dev\/fr\/wp-json\/wp\/v2\/pages\/8482\/revisions\/11948"}],"up":[{"embeddable":true,"href":"https:\/\/comingreat-26-04.eurokey.dev\/fr\/wp-json\/wp\/v2\/pages\/1419"}],"wp:attachment":[{"href":"https:\/\/comingreat-26-04.eurokey.dev\/fr\/wp-json\/wp\/v2\/media?parent=8482"}],"curies":[{"name":"wp","href":"https:\/\/api.w.org\/{rel}","templated":true}]}}