{"id":7582,"date":"2022-11-16T13:18:41","date_gmt":"2022-11-16T12:18:41","guid":{"rendered":"https:\/\/dev.comingreat.eu\/?page_id=7582"},"modified":"2022-12-08T14:14:54","modified_gmt":"2022-12-08T13:14:54","slug":"pays-et-frontieres","status":"publish","type":"page","link":"https:\/\/comingreat-26-04.eurokey.dev\/fr\/grande-region\/pays-et-frontieres\/","title":{"rendered":"Pays et fronti\u00e8res"},"content":{"rendered":"\t\t<div data-elementor-type=\"wp-page\" data-elementor-id=\"7582\" class=\"elementor elementor-7582 elementor-7581\" data-elementor-post-type=\"page\">\n\t\t\t\t\t\t<section class=\"elementor-section elementor-top-section elementor-element elementor-element-009dbff elementor-section-boxed elementor-section-height-default elementor-section-height-default\" data-id=\"009dbff\" data-element_type=\"section\" data-e-type=\"section\" data-settings=\"{&quot;background_background&quot;:&quot;classic&quot;}\">\n\t\t\t\t\t\t<div class=\"elementor-container elementor-column-gap-default\">\n\t\t\t\t\t<div class=\"elementor-column elementor-col-100 elementor-top-column elementor-element elementor-element-6f0cb2b\" data-id=\"6f0cb2b\" data-element_type=\"column\" data-e-type=\"column\">\n\t\t\t<div class=\"elementor-widget-wrap elementor-element-populated\">\n\t\t\t\t\t\t<div class=\"elementor-element elementor-element-928527f solo elementor-widget elementor-widget-heading\" data-id=\"928527f\" data-element_type=\"widget\" data-e-type=\"widget\" data-widget_type=\"heading.default\">\n\t\t\t\t<div class=\"elementor-widget-container\">\n\t\t\t\t\t<h1 class=\"elementor-heading-title elementor-size-default\">Pays et fronti\u00e8res de la Grande R\u00e9gion<\/h1>\t\t\t\t<\/div>\n\t\t\t\t<\/div>\n\t\t\t\t<section class=\"elementor-section elementor-inner-section elementor-element elementor-element-1f33f8b elementor-reverse-mobile elementor-section-content-top elementor-section-boxed elementor-section-height-default elementor-section-height-default\" data-id=\"1f33f8b\" data-element_type=\"section\" data-e-type=\"section\" data-settings=\"{&quot;background_background&quot;:&quot;classic&quot;}\">\n\t\t\t\t\t\t<div class=\"elementor-container elementor-column-gap-wide\">\n\t\t\t\t\t<div class=\"elementor-column elementor-col-33 elementor-inner-column elementor-element elementor-element-0084c95\" data-id=\"0084c95\" data-element_type=\"column\" data-e-type=\"column\">\n\t\t\t<div class=\"elementor-widget-wrap elementor-element-populated\">\n\t\t\t\t\t\t<div class=\"elementor-element elementor-element-93cb871 elementor-widget elementor-widget-text-editor\" data-id=\"93cb871\" data-element_type=\"widget\" data-e-type=\"widget\" data-widget_type=\"text-editor.default\">\n\t\t\t\t<div class=\"elementor-widget-container\">\n\t\t\t\t\t\t\t\t\t<p>L&rsquo;espace de coop\u00e9ration politique de la Grande R\u00e9gion (GR) couvre quatre Etats membres de l\u2019Union europ\u00e9enne (UE). Il comprend l&rsquo;ensemble du Grand-Duch\u00e9 de Luxembourg (LU), la r\u00e9gion belge de Wallonie (WAL), y compris la F\u00e9d\u00e9ration Wallonie-Bruxelles et la Communaut\u00e9 germanophone (DG), les L\u00e4nder allemands de Rh\u00e9nanie-Palatinat (RLP) et de Sarre (SAR), ainsi que les d\u00e9partements fran\u00e7ais de la Meuse, de Meurthe-et-Moselle, de la Moselle et des Vosges en r\u00e9gion Grand Est. La GR est une zone h\u00e9t\u00e9rog\u00e8ne couvrant 65 406 km2 avec une population de 11,7 millions d&rsquo;habitants, o\u00f9 trois langues officielles sont parl\u00e9es (l&rsquo;allemand, le fran\u00e7ais et le luxembourgeois). En 2019, la GR dans son ensemble comptait 178 habitants par km2 . Toutefois, la densit\u00e9 de population varie fortement d&rsquo;un versant \u00e0 l&rsquo;autre, ainsi qu\u2019au sein de chaque versant.<\/p><p>Cependant, la zone couverte par le programme Interreg Grande R\u00e9gion est moins \u00e9tendue que l\u2019espace politique de coop\u00e9ration de la GR. Cela est illustr\u00e9 par la carte ci-contre.<\/p>\t\t\t\t\t\t\t\t<\/div>\n\t\t\t\t<\/div>\n\t\t\t\t\t<\/div>\n\t\t<\/div>\n\t\t\t\t<div class=\"elementor-column elementor-col-33 elementor-inner-column elementor-element elementor-element-e77f6ee elementor-hidden-mobile\" data-id=\"e77f6ee\" data-element_type=\"column\" data-e-type=\"column\">\n\t\t\t<div class=\"elementor-widget-wrap\">\n\t\t\t\t\t\t\t<\/div>\n\t\t<\/div>\n\t\t\t\t<div class=\"elementor-column elementor-col-33 elementor-inner-column elementor-element elementor-element-32bdca8\" data-id=\"32bdca8\" data-element_type=\"column\" data-e-type=\"column\" data-settings=\"{&quot;background_background&quot;:&quot;classic&quot;}\">\n\t\t\t<div class=\"elementor-widget-wrap elementor-element-populated\">\n\t\t\t\t\t\t<div class=\"elementor-element elementor-element-1558258 elementor-widget elementor-widget-image\" data-id=\"1558258\" data-element_type=\"widget\" data-e-type=\"widget\" data-widget_type=\"image.default\">\n\t\t\t\t<div class=\"elementor-widget-container\">\n\t\t\t\t\t\t\t\t\t\t\t\t\t\t\t\t<a href=\"https:\/\/comingreat-26-04.eurokey.dev\/wp-content\/uploads\/2022\/11\/Zone_programmation_A4_blue_sans_noms2.png\" data-elementor-open-lightbox=\"yes\" data-elementor-lightbox-title=\"Zone_programmation_A4_blue_sans_noms2\" data-e-action-hash=\"#elementor-action%3Aaction%3Dlightbox%26settings%3DeyJpZCI6OTgyMywidXJsIjoiaHR0cHM6XC9cL2NvbWluZ3JlYXQtMjYtMDQuZXVyb2tleS5kZXZcL3dwLWNvbnRlbnRcL3VwbG9hZHNcLzIwMjJcLzExXC9ab25lX3Byb2dyYW1tYXRpb25fQTRfYmx1ZV9zYW5zX25vbXMyLnBuZyJ9\">\n\t\t\t\t\t\t\t<img fetchpriority=\"high\" decoding=\"async\" width=\"800\" height=\"565\" src=\"https:\/\/comingreat-26-04.eurokey.dev\/wp-content\/uploads\/2022\/11\/Zone_programmation_A4_blue_sans_noms2-1024x723.png\" class=\"attachment-large size-large wp-image-9823\" alt=\"\" srcset=\"https:\/\/comingreat-26-04.eurokey.dev\/wp-content\/uploads\/2022\/11\/Zone_programmation_A4_blue_sans_noms2-1024x723.png 1024w, https:\/\/comingreat-26-04.eurokey.dev\/wp-content\/uploads\/2022\/11\/Zone_programmation_A4_blue_sans_noms2-300x212.png 300w, https:\/\/comingreat-26-04.eurokey.dev\/wp-content\/uploads\/2022\/11\/Zone_programmation_A4_blue_sans_noms2-768x542.png 768w, https:\/\/comingreat-26-04.eurokey.dev\/wp-content\/uploads\/2022\/11\/Zone_programmation_A4_blue_sans_noms2-1536x1084.png 1536w, https:\/\/comingreat-26-04.eurokey.dev\/wp-content\/uploads\/2022\/11\/Zone_programmation_A4_blue_sans_noms2.png 1747w\" sizes=\"(max-width: 800px) 100vw, 800px\" \/>\t\t\t\t\t\t\t\t<\/a>\n\t\t\t\t\t\t\t\t\t\t\t\t\t\t\t<\/div>\n\t\t\t\t<\/div>\n\t\t\t\t\t<\/div>\n\t\t<\/div>\n\t\t\t\t\t<\/div>\n\t\t<\/section>\n\t\t\t\t\t<\/div>\n\t\t<\/div>\n\t\t\t\t\t<\/div>\n\t\t<\/section>\n\t\t\t\t<\/div>\n\t\t","protected":false},"excerpt":{"rendered":"<p>Pays et fronti\u00e8res de la Grande R\u00e9gion L&rsquo;espace de coop\u00e9ration politique de la Grande R\u00e9gion (GR) couvre quatre Etats membres de l\u2019Union europ\u00e9enne (UE). Il comprend l&rsquo;ensemble du Grand-Duch\u00e9 de Luxembourg (LU), la r\u00e9gion belge de Wallonie (WAL), y compris la F\u00e9d\u00e9ration Wallonie-Bruxelles et la Communaut\u00e9 germanophone (DG), les L\u00e4nder allemands de Rh\u00e9nanie-Palatinat (RLP) et [&hellip;]<\/p>\n","protected":false},"author":1,"featured_media":0,"parent":5219,"menu_order":1,"comment_status":"closed","ping_status":"closed","template":"","meta":{"footnotes":""},"class_list":["post-7582","page","type-page","status-publish","hentry"],"yoast_head":"<!-- This site is optimized with the Yoast SEO plugin v27.3 - https:\/\/yoast.com\/product\/yoast-seo-wordpress\/ -->\n<title>Pays et fronti\u00e8res - CoMinGreat<\/title>\n<meta name=\"robots\" content=\"index, follow, max-snippet:-1, max-image-preview:large, max-video-preview:-1\" \/>\n<link rel=\"canonical\" href=\"https:\/\/comingreat-26-04.eurokey.dev\/fr\/grande-region\/pays-et-frontieres\/\" \/>\n<meta property=\"og:locale\" content=\"fr_FR\" \/>\n<meta property=\"og:type\" content=\"article\" \/>\n<meta property=\"og:title\" content=\"Pays et fronti\u00e8res - CoMinGreat\" \/>\n<meta property=\"og:description\" content=\"Pays et fronti\u00e8res de la Grande R\u00e9gion L&rsquo;espace de coop\u00e9ration politique de la Grande R\u00e9gion (GR) couvre quatre Etats membres de l\u2019Union europ\u00e9enne (UE). Il comprend l&rsquo;ensemble du Grand-Duch\u00e9 de Luxembourg (LU), la r\u00e9gion belge de Wallonie (WAL), y compris la F\u00e9d\u00e9ration Wallonie-Bruxelles et la Communaut\u00e9 germanophone (DG), les L\u00e4nder allemands de Rh\u00e9nanie-Palatinat (RLP) et [&hellip;]\" \/>\n<meta property=\"og:url\" content=\"https:\/\/comingreat-26-04.eurokey.dev\/fr\/grande-region\/pays-et-frontieres\/\" \/>\n<meta property=\"og:site_name\" content=\"CoMinGreat\" \/>\n<meta property=\"article:modified_time\" content=\"2022-12-08T13:14:54+00:00\" \/>\n<meta property=\"og:image\" content=\"https:\/\/comingreat-26-04.eurokey.dev\/wp-content\/uploads\/2022\/11\/Zone_programmation_A4_blue_sans_noms2-1024x723.png\" \/>\n<meta name=\"twitter:card\" content=\"summary_large_image\" \/>\n<meta name=\"twitter:label1\" content=\"Dur\u00e9e de lecture estim\u00e9e\" \/>\n\t<meta name=\"twitter:data1\" content=\"2 minutes\" \/>\n<script type=\"application\/ld+json\" class=\"yoast-schema-graph\">{\"@context\":\"https:\\\/\\\/schema.org\",\"@graph\":[{\"@type\":\"WebPage\",\"@id\":\"https:\\\/\\\/comingreat-26-04.eurokey.dev\\\/fr\\\/grande-region\\\/pays-et-frontieres\\\/\",\"url\":\"https:\\\/\\\/comingreat-26-04.eurokey.dev\\\/fr\\\/grande-region\\\/pays-et-frontieres\\\/\",\"name\":\"Pays et fronti\u00e8res - CoMinGreat\",\"isPartOf\":{\"@id\":\"https:\\\/\\\/comingreat-26-04.eurokey.dev\\\/fr\\\/#website\"},\"primaryImageOfPage\":{\"@id\":\"https:\\\/\\\/comingreat-26-04.eurokey.dev\\\/fr\\\/grande-region\\\/pays-et-frontieres\\\/#primaryimage\"},\"image\":{\"@id\":\"https:\\\/\\\/comingreat-26-04.eurokey.dev\\\/fr\\\/grande-region\\\/pays-et-frontieres\\\/#primaryimage\"},\"thumbnailUrl\":\"https:\\\/\\\/comingreat-26-04.eurokey.dev\\\/wp-content\\\/uploads\\\/2022\\\/11\\\/Zone_programmation_A4_blue_sans_noms2-1024x723.png\",\"datePublished\":\"2022-11-16T12:18:41+00:00\",\"dateModified\":\"2022-12-08T13:14:54+00:00\",\"breadcrumb\":{\"@id\":\"https:\\\/\\\/comingreat-26-04.eurokey.dev\\\/fr\\\/grande-region\\\/pays-et-frontieres\\\/#breadcrumb\"},\"inLanguage\":\"fr-FR\",\"potentialAction\":[{\"@type\":\"ReadAction\",\"target\":[\"https:\\\/\\\/comingreat-26-04.eurokey.dev\\\/fr\\\/grande-region\\\/pays-et-frontieres\\\/\"]}]},{\"@type\":\"ImageObject\",\"inLanguage\":\"fr-FR\",\"@id\":\"https:\\\/\\\/comingreat-26-04.eurokey.dev\\\/fr\\\/grande-region\\\/pays-et-frontieres\\\/#primaryimage\",\"url\":\"https:\\\/\\\/comingreat-26-04.eurokey.dev\\\/wp-content\\\/uploads\\\/2022\\\/11\\\/Zone_programmation_A4_blue_sans_noms2-1024x723.png\",\"contentUrl\":\"https:\\\/\\\/comingreat-26-04.eurokey.dev\\\/wp-content\\\/uploads\\\/2022\\\/11\\\/Zone_programmation_A4_blue_sans_noms2-1024x723.png\"},{\"@type\":\"BreadcrumbList\",\"@id\":\"https:\\\/\\\/comingreat-26-04.eurokey.dev\\\/fr\\\/grande-region\\\/pays-et-frontieres\\\/#breadcrumb\",\"itemListElement\":[{\"@type\":\"ListItem\",\"position\":1,\"name\":\"Page d'acceuil\",\"item\":\"https:\\\/\\\/comingreat-26-04.eurokey.dev\\\/fr\\\/\"},{\"@type\":\"ListItem\",\"position\":2,\"name\":\"Grande R\u00e9gion\",\"item\":\"https:\\\/\\\/comingreat-26-04.eurokey.dev\\\/fr\\\/grande-region\\\/\"},{\"@type\":\"ListItem\",\"position\":3,\"name\":\"Pays et fronti\u00e8res\"}]},{\"@type\":\"WebSite\",\"@id\":\"https:\\\/\\\/comingreat-26-04.eurokey.dev\\\/fr\\\/#website\",\"url\":\"https:\\\/\\\/comingreat-26-04.eurokey.dev\\\/fr\\\/\",\"name\":\"CoMinGreat\",\"description\":\"Mikroschadstoffe in der Gro\u00dfregion\",\"publisher\":{\"@id\":\"https:\\\/\\\/comingreat-26-04.eurokey.dev\\\/fr\\\/#organization\"},\"potentialAction\":[{\"@type\":\"SearchAction\",\"target\":{\"@type\":\"EntryPoint\",\"urlTemplate\":\"https:\\\/\\\/comingreat-26-04.eurokey.dev\\\/fr\\\/?s={search_term_string}\"},\"query-input\":{\"@type\":\"PropertyValueSpecification\",\"valueRequired\":true,\"valueName\":\"search_term_string\"}}],\"inLanguage\":\"fr-FR\"},{\"@type\":\"Organization\",\"@id\":\"https:\\\/\\\/comingreat-26-04.eurokey.dev\\\/fr\\\/#organization\",\"name\":\"CoMinGreat\",\"url\":\"https:\\\/\\\/comingreat-26-04.eurokey.dev\\\/fr\\\/\",\"logo\":{\"@type\":\"ImageObject\",\"inLanguage\":\"fr-FR\",\"@id\":\"https:\\\/\\\/comingreat-26-04.eurokey.dev\\\/fr\\\/#\\\/schema\\\/logo\\\/image\\\/\",\"url\":\"https:\\\/\\\/comingreat-26-04.eurokey.dev\\\/wp-content\\\/uploads\\\/2022\\\/09\\\/Interreg_GR_CoMinGreat_RGB_web.svg\",\"contentUrl\":\"https:\\\/\\\/comingreat-26-04.eurokey.dev\\\/wp-content\\\/uploads\\\/2022\\\/09\\\/Interreg_GR_CoMinGreat_RGB_web.svg\",\"width\":437,\"height\":177,\"caption\":\"CoMinGreat\"},\"image\":{\"@id\":\"https:\\\/\\\/comingreat-26-04.eurokey.dev\\\/fr\\\/#\\\/schema\\\/logo\\\/image\\\/\"}}]}<\/script>\n<!-- \/ Yoast SEO plugin. -->","yoast_head_json":{"title":"Pays et fronti\u00e8res - CoMinGreat","robots":{"index":"index","follow":"follow","max-snippet":"max-snippet:-1","max-image-preview":"max-image-preview:large","max-video-preview":"max-video-preview:-1"},"canonical":"https:\/\/comingreat-26-04.eurokey.dev\/fr\/grande-region\/pays-et-frontieres\/","og_locale":"fr_FR","og_type":"article","og_title":"Pays et fronti\u00e8res - CoMinGreat","og_description":"Pays et fronti\u00e8res de la Grande R\u00e9gion L&rsquo;espace de coop\u00e9ration politique de la Grande R\u00e9gion (GR) couvre quatre Etats membres de l\u2019Union europ\u00e9enne (UE). Il comprend l&rsquo;ensemble du Grand-Duch\u00e9 de Luxembourg (LU), la r\u00e9gion belge de Wallonie (WAL), y compris la F\u00e9d\u00e9ration Wallonie-Bruxelles et la Communaut\u00e9 germanophone (DG), les L\u00e4nder allemands de Rh\u00e9nanie-Palatinat (RLP) et [&hellip;]","og_url":"https:\/\/comingreat-26-04.eurokey.dev\/fr\/grande-region\/pays-et-frontieres\/","og_site_name":"CoMinGreat","article_modified_time":"2022-12-08T13:14:54+00:00","og_image":[{"url":"https:\/\/comingreat-26-04.eurokey.dev\/wp-content\/uploads\/2022\/11\/Zone_programmation_A4_blue_sans_noms2-1024x723.png","type":"","width":"","height":""}],"twitter_card":"summary_large_image","twitter_misc":{"Dur\u00e9e de lecture estim\u00e9e":"2 minutes"},"schema":{"@context":"https:\/\/schema.org","@graph":[{"@type":"WebPage","@id":"https:\/\/comingreat-26-04.eurokey.dev\/fr\/grande-region\/pays-et-frontieres\/","url":"https:\/\/comingreat-26-04.eurokey.dev\/fr\/grande-region\/pays-et-frontieres\/","name":"Pays et fronti\u00e8res - CoMinGreat","isPartOf":{"@id":"https:\/\/comingreat-26-04.eurokey.dev\/fr\/#website"},"primaryImageOfPage":{"@id":"https:\/\/comingreat-26-04.eurokey.dev\/fr\/grande-region\/pays-et-frontieres\/#primaryimage"},"image":{"@id":"https:\/\/comingreat-26-04.eurokey.dev\/fr\/grande-region\/pays-et-frontieres\/#primaryimage"},"thumbnailUrl":"https:\/\/comingreat-26-04.eurokey.dev\/wp-content\/uploads\/2022\/11\/Zone_programmation_A4_blue_sans_noms2-1024x723.png","datePublished":"2022-11-16T12:18:41+00:00","dateModified":"2022-12-08T13:14:54+00:00","breadcrumb":{"@id":"https:\/\/comingreat-26-04.eurokey.dev\/fr\/grande-region\/pays-et-frontieres\/#breadcrumb"},"inLanguage":"fr-FR","potentialAction":[{"@type":"ReadAction","target":["https:\/\/comingreat-26-04.eurokey.dev\/fr\/grande-region\/pays-et-frontieres\/"]}]},{"@type":"ImageObject","inLanguage":"fr-FR","@id":"https:\/\/comingreat-26-04.eurokey.dev\/fr\/grande-region\/pays-et-frontieres\/#primaryimage","url":"https:\/\/comingreat-26-04.eurokey.dev\/wp-content\/uploads\/2022\/11\/Zone_programmation_A4_blue_sans_noms2-1024x723.png","contentUrl":"https:\/\/comingreat-26-04.eurokey.dev\/wp-content\/uploads\/2022\/11\/Zone_programmation_A4_blue_sans_noms2-1024x723.png"},{"@type":"BreadcrumbList","@id":"https:\/\/comingreat-26-04.eurokey.dev\/fr\/grande-region\/pays-et-frontieres\/#breadcrumb","itemListElement":[{"@type":"ListItem","position":1,"name":"Page d'acceuil","item":"https:\/\/comingreat-26-04.eurokey.dev\/fr\/"},{"@type":"ListItem","position":2,"name":"Grande R\u00e9gion","item":"https:\/\/comingreat-26-04.eurokey.dev\/fr\/grande-region\/"},{"@type":"ListItem","position":3,"name":"Pays et fronti\u00e8res"}]},{"@type":"WebSite","@id":"https:\/\/comingreat-26-04.eurokey.dev\/fr\/#website","url":"https:\/\/comingreat-26-04.eurokey.dev\/fr\/","name":"CoMinGreat","description":"Mikroschadstoffe in der Gro\u00dfregion","publisher":{"@id":"https:\/\/comingreat-26-04.eurokey.dev\/fr\/#organization"},"potentialAction":[{"@type":"SearchAction","target":{"@type":"EntryPoint","urlTemplate":"https:\/\/comingreat-26-04.eurokey.dev\/fr\/?s={search_term_string}"},"query-input":{"@type":"PropertyValueSpecification","valueRequired":true,"valueName":"search_term_string"}}],"inLanguage":"fr-FR"},{"@type":"Organization","@id":"https:\/\/comingreat-26-04.eurokey.dev\/fr\/#organization","name":"CoMinGreat","url":"https:\/\/comingreat-26-04.eurokey.dev\/fr\/","logo":{"@type":"ImageObject","inLanguage":"fr-FR","@id":"https:\/\/comingreat-26-04.eurokey.dev\/fr\/#\/schema\/logo\/image\/","url":"https:\/\/comingreat-26-04.eurokey.dev\/wp-content\/uploads\/2022\/09\/Interreg_GR_CoMinGreat_RGB_web.svg","contentUrl":"https:\/\/comingreat-26-04.eurokey.dev\/wp-content\/uploads\/2022\/09\/Interreg_GR_CoMinGreat_RGB_web.svg","width":437,"height":177,"caption":"CoMinGreat"},"image":{"@id":"https:\/\/comingreat-26-04.eurokey.dev\/fr\/#\/schema\/logo\/image\/"}}]}},"_links":{"self":[{"href":"https:\/\/comingreat-26-04.eurokey.dev\/fr\/wp-json\/wp\/v2\/pages\/7582","targetHints":{"allow":["GET"]}}],"collection":[{"href":"https:\/\/comingreat-26-04.eurokey.dev\/fr\/wp-json\/wp\/v2\/pages"}],"about":[{"href":"https:\/\/comingreat-26-04.eurokey.dev\/fr\/wp-json\/wp\/v2\/types\/page"}],"author":[{"embeddable":true,"href":"https:\/\/comingreat-26-04.eurokey.dev\/fr\/wp-json\/wp\/v2\/users\/1"}],"replies":[{"embeddable":true,"href":"https:\/\/comingreat-26-04.eurokey.dev\/fr\/wp-json\/wp\/v2\/comments?post=7582"}],"version-history":[{"count":17,"href":"https:\/\/comingreat-26-04.eurokey.dev\/fr\/wp-json\/wp\/v2\/pages\/7582\/revisions"}],"predecessor-version":[{"id":11900,"href":"https:\/\/comingreat-26-04.eurokey.dev\/fr\/wp-json\/wp\/v2\/pages\/7582\/revisions\/11900"}],"up":[{"embeddable":true,"href":"https:\/\/comingreat-26-04.eurokey.dev\/fr\/wp-json\/wp\/v2\/pages\/5219"}],"wp:attachment":[{"href":"https:\/\/comingreat-26-04.eurokey.dev\/fr\/wp-json\/wp\/v2\/media?parent=7582"}],"curies":[{"name":"wp","href":"https:\/\/api.w.org\/{rel}","templated":true}]}}