{"id":6926,"date":"2022-11-16T13:04:51","date_gmt":"2022-11-16T12:04:51","guid":{"rendered":"https:\/\/dev.comingreat.eu\/?page_id=6926"},"modified":"2022-12-15T10:50:45","modified_gmt":"2022-12-15T09:50:45","slug":"phases-epuratoires-additionnelles","status":"publish","type":"page","link":"https:\/\/comingreat-26-04.eurokey.dev\/fr\/phases-epuratoires-additionnelles\/","title":{"rendered":"Phases \u00e9puratoires additionnelles"},"content":{"rendered":"\t\t<div data-elementor-type=\"wp-page\" data-elementor-id=\"6926\" class=\"elementor elementor-6926 elementor-6925\" data-elementor-post-type=\"page\">\n\t\t\t\t\t\t<section class=\"elementor-section elementor-top-section elementor-element elementor-element-ecf1f32 elementor-section-boxed elementor-section-height-default elementor-section-height-default\" data-id=\"ecf1f32\" data-element_type=\"section\" data-e-type=\"section\" data-settings=\"{&quot;background_background&quot;:&quot;classic&quot;}\">\n\t\t\t\t\t\t<div class=\"elementor-container elementor-column-gap-default\">\n\t\t\t\t\t<div class=\"elementor-column elementor-col-100 elementor-top-column elementor-element elementor-element-24f94d9\" data-id=\"24f94d9\" data-element_type=\"column\" data-e-type=\"column\">\n\t\t\t<div class=\"elementor-widget-wrap elementor-element-populated\">\n\t\t\t\t\t\t<div class=\"elementor-element elementor-element-225d8fd solo elementor-widget elementor-widget-heading\" data-id=\"225d8fd\" data-element_type=\"widget\" data-e-type=\"widget\" data-widget_type=\"heading.default\">\n\t\t\t\t<div class=\"elementor-widget-container\">\n\t\t\t\t\t<h1 class=\"elementor-heading-title elementor-size-default\">Phases \u00e9puratoires additionnelles<\/h1>\t\t\t\t<\/div>\n\t\t\t\t<\/div>\n\t\t\t\t<div class=\"elementor-element elementor-element-9a363f3 elementor-widget elementor-widget-spacer\" data-id=\"9a363f3\" data-element_type=\"widget\" data-e-type=\"widget\" data-widget_type=\"spacer.default\">\n\t\t\t\t<div class=\"elementor-widget-container\">\n\t\t\t\t\t\t\t<div class=\"elementor-spacer\">\n\t\t\t<div class=\"elementor-spacer-inner\"><\/div>\n\t\t<\/div>\n\t\t\t\t\t\t<\/div>\n\t\t\t\t<\/div>\n\t\t\t\t<section class=\"elementor-section elementor-inner-section elementor-element elementor-element-4e5f560 elementor-section-boxed elementor-section-height-default elementor-section-height-default\" data-id=\"4e5f560\" data-element_type=\"section\" data-e-type=\"section\">\n\t\t\t\t\t\t<div class=\"elementor-container elementor-column-gap-wide\">\n\t\t\t\t\t<div class=\"elementor-column elementor-col-33 elementor-inner-column elementor-element elementor-element-8ad2c77\" data-id=\"8ad2c77\" data-element_type=\"column\" data-e-type=\"column\">\n\t\t\t<div class=\"elementor-widget-wrap elementor-element-populated\">\n\t\t\t\t\t\t<div class=\"elementor-element elementor-element-d6e4602 elementor-bg-transform elementor-bg-transform-move-up elementor-cta--skin-classic elementor-animated-content elementor-widget elementor-widget-call-to-action\" data-id=\"d6e4602\" data-element_type=\"widget\" data-e-type=\"widget\" data-widget_type=\"call-to-action.default\">\n\t\t\t\t<div class=\"elementor-widget-container\">\n\t\t\t\t\t\t\t<a class=\"elementor-cta\" href=\"\/additive-reinigungsstufen\/verfahren\/\">\n\t\t\t\t\t<div class=\"elementor-cta__bg-wrapper\">\n\t\t\t\t<div class=\"elementor-cta__bg elementor-bg\" style=\"background-image: url(https:\/\/comingreat-26-04.eurokey.dev\/wp-content\/uploads\/2022\/12\/aktivkohle_IMG_1322_m_cut.jpg);\" role=\"img\" aria-label=\"aktivkohle_IMG_1322_m_cut\"><\/div>\n\t\t\t\t<div class=\"elementor-cta__bg-overlay\"><\/div>\n\t\t\t<\/div>\n\t\t\t\t\t\t\t<div class=\"elementor-cta__content\">\n\t\t\t\t\n\t\t\t\t\t\t\t\t\t<div class=\"elementor-cta__title elementor-cta__content-item elementor-content-item\">\n\t\t\t\t\t\tProc\u00e9d\u00e9s\t\t\t\t\t<\/div>\n\t\t\t\t\n\t\t\t\t\n\t\t\t\t\t\t\t<\/div>\n\t\t\t\t\t\t<\/a>\n\t\t\t\t\t\t<\/div>\n\t\t\t\t<\/div>\n\t\t\t\t\t<\/div>\n\t\t<\/div>\n\t\t\t\t<div class=\"elementor-column elementor-col-33 elementor-inner-column elementor-element elementor-element-31146cd\" data-id=\"31146cd\" data-element_type=\"column\" data-e-type=\"column\">\n\t\t\t<div class=\"elementor-widget-wrap\">\n\t\t\t\t\t\t\t<\/div>\n\t\t<\/div>\n\t\t\t\t<div class=\"elementor-column elementor-col-33 elementor-inner-column elementor-element elementor-element-bcf306b\" data-id=\"bcf306b\" data-element_type=\"column\" data-e-type=\"column\">\n\t\t\t<div class=\"elementor-widget-wrap elementor-element-populated\">\n\t\t\t\t\t\t<div class=\"elementor-element elementor-element-ad0cbc4 elementor-bg-transform elementor-bg-transform-move-up elementor-cta--skin-classic elementor-animated-content elementor-widget elementor-widget-call-to-action\" data-id=\"ad0cbc4\" data-element_type=\"widget\" data-e-type=\"widget\" data-widget_type=\"call-to-action.default\">\n\t\t\t\t<div class=\"elementor-widget-container\">\n\t\t\t\t\t\t\t<a class=\"elementor-cta\" href=\"\/additive-reinigungsstufen\/synergieeffekte\/\">\n\t\t\t\t\t<div class=\"elementor-cta__bg-wrapper\">\n\t\t\t\t<div class=\"elementor-cta__bg elementor-bg\" style=\"background-image: url(https:\/\/comingreat-26-04.eurokey.dev\/wp-content\/uploads\/2022\/09\/IMG_1316-scaled-1-768x1024.jpg);\" role=\"img\" aria-label=\"IMG_1316-scaled.jpg\"><\/div>\n\t\t\t\t<div class=\"elementor-cta__bg-overlay\"><\/div>\n\t\t\t<\/div>\n\t\t\t\t\t\t\t<div class=\"elementor-cta__content\">\n\t\t\t\t\n\t\t\t\t\t\t\t\t\t<div class=\"elementor-cta__title elementor-cta__content-item elementor-content-item\">\n\t\t\t\t\t\tEffets synergiques\t\t\t\t\t<\/div>\n\t\t\t\t\n\t\t\t\t\n\t\t\t\t\t\t\t<\/div>\n\t\t\t\t\t\t<\/a>\n\t\t\t\t\t\t<\/div>\n\t\t\t\t<\/div>\n\t\t\t\t\t<\/div>\n\t\t<\/div>\n\t\t\t\t\t<\/div>\n\t\t<\/section>\n\t\t\t\t\t<\/div>\n\t\t<\/div>\n\t\t\t\t\t<\/div>\n\t\t<\/section>\n\t\t\t\t<\/div>\n\t\t","protected":false},"excerpt":{"rendered":"<p>Phases \u00e9puratoires additionnelles Proc\u00e9d\u00e9s Effets synergiques<\/p>\n","protected":false},"author":1,"featured_media":0,"parent":0,"menu_order":2,"comment_status":"closed","ping_status":"closed","template":"","meta":{"footnotes":""},"class_list":["post-6926","page","type-page","status-publish","hentry"],"yoast_head":"<!-- This site is optimized with the Yoast SEO plugin v27.3 - https:\/\/yoast.com\/product\/yoast-seo-wordpress\/ -->\n<title>Phases \u00e9puratoires additionnelles - CoMinGreat<\/title>\n<meta name=\"robots\" content=\"index, follow, max-snippet:-1, max-image-preview:large, max-video-preview:-1\" \/>\n<link rel=\"canonical\" href=\"https:\/\/comingreat-26-04.eurokey.dev\/fr\/phases-epuratoires-additionnelles\/\" \/>\n<meta property=\"og:locale\" content=\"fr_FR\" \/>\n<meta property=\"og:type\" content=\"article\" \/>\n<meta property=\"og:title\" content=\"Phases \u00e9puratoires additionnelles - CoMinGreat\" \/>\n<meta property=\"og:description\" content=\"Phases \u00e9puratoires additionnelles Proc\u00e9d\u00e9s Effets synergiques\" \/>\n<meta property=\"og:url\" content=\"https:\/\/comingreat-26-04.eurokey.dev\/fr\/phases-epuratoires-additionnelles\/\" \/>\n<meta property=\"og:site_name\" content=\"CoMinGreat\" \/>\n<meta property=\"article:modified_time\" content=\"2022-12-15T09:50:45+00:00\" \/>\n<meta name=\"twitter:card\" content=\"summary_large_image\" \/>\n<meta name=\"twitter:label1\" content=\"Dur\u00e9e de lecture estim\u00e9e\" \/>\n\t<meta name=\"twitter:data1\" content=\"1 minute\" \/>\n<script type=\"application\/ld+json\" class=\"yoast-schema-graph\">{\"@context\":\"https:\\\/\\\/schema.org\",\"@graph\":[{\"@type\":\"WebPage\",\"@id\":\"https:\\\/\\\/comingreat-26-04.eurokey.dev\\\/fr\\\/phases-epuratoires-additionnelles\\\/\",\"url\":\"https:\\\/\\\/comingreat-26-04.eurokey.dev\\\/fr\\\/phases-epuratoires-additionnelles\\\/\",\"name\":\"Phases \u00e9puratoires additionnelles - CoMinGreat\",\"isPartOf\":{\"@id\":\"https:\\\/\\\/comingreat-26-04.eurokey.dev\\\/fr\\\/#website\"},\"datePublished\":\"2022-11-16T12:04:51+00:00\",\"dateModified\":\"2022-12-15T09:50:45+00:00\",\"breadcrumb\":{\"@id\":\"https:\\\/\\\/comingreat-26-04.eurokey.dev\\\/fr\\\/phases-epuratoires-additionnelles\\\/#breadcrumb\"},\"inLanguage\":\"fr-FR\",\"potentialAction\":[{\"@type\":\"ReadAction\",\"target\":[\"https:\\\/\\\/comingreat-26-04.eurokey.dev\\\/fr\\\/phases-epuratoires-additionnelles\\\/\"]}]},{\"@type\":\"BreadcrumbList\",\"@id\":\"https:\\\/\\\/comingreat-26-04.eurokey.dev\\\/fr\\\/phases-epuratoires-additionnelles\\\/#breadcrumb\",\"itemListElement\":[{\"@type\":\"ListItem\",\"position\":1,\"name\":\"Page d'acceuil\",\"item\":\"https:\\\/\\\/comingreat-26-04.eurokey.dev\\\/fr\\\/\"},{\"@type\":\"ListItem\",\"position\":2,\"name\":\"Phases \u00e9puratoires additionnelles\"}]},{\"@type\":\"WebSite\",\"@id\":\"https:\\\/\\\/comingreat-26-04.eurokey.dev\\\/fr\\\/#website\",\"url\":\"https:\\\/\\\/comingreat-26-04.eurokey.dev\\\/fr\\\/\",\"name\":\"CoMinGreat\",\"description\":\"Mikroschadstoffe in der Gro\u00dfregion\",\"publisher\":{\"@id\":\"https:\\\/\\\/comingreat-26-04.eurokey.dev\\\/fr\\\/#organization\"},\"potentialAction\":[{\"@type\":\"SearchAction\",\"target\":{\"@type\":\"EntryPoint\",\"urlTemplate\":\"https:\\\/\\\/comingreat-26-04.eurokey.dev\\\/fr\\\/?s={search_term_string}\"},\"query-input\":{\"@type\":\"PropertyValueSpecification\",\"valueRequired\":true,\"valueName\":\"search_term_string\"}}],\"inLanguage\":\"fr-FR\"},{\"@type\":\"Organization\",\"@id\":\"https:\\\/\\\/comingreat-26-04.eurokey.dev\\\/fr\\\/#organization\",\"name\":\"CoMinGreat\",\"url\":\"https:\\\/\\\/comingreat-26-04.eurokey.dev\\\/fr\\\/\",\"logo\":{\"@type\":\"ImageObject\",\"inLanguage\":\"fr-FR\",\"@id\":\"https:\\\/\\\/comingreat-26-04.eurokey.dev\\\/fr\\\/#\\\/schema\\\/logo\\\/image\\\/\",\"url\":\"https:\\\/\\\/comingreat-26-04.eurokey.dev\\\/wp-content\\\/uploads\\\/2022\\\/09\\\/Interreg_GR_CoMinGreat_RGB_web.svg\",\"contentUrl\":\"https:\\\/\\\/comingreat-26-04.eurokey.dev\\\/wp-content\\\/uploads\\\/2022\\\/09\\\/Interreg_GR_CoMinGreat_RGB_web.svg\",\"width\":437,\"height\":177,\"caption\":\"CoMinGreat\"},\"image\":{\"@id\":\"https:\\\/\\\/comingreat-26-04.eurokey.dev\\\/fr\\\/#\\\/schema\\\/logo\\\/image\\\/\"}}]}<\/script>\n<!-- \/ Yoast SEO plugin. -->","yoast_head_json":{"title":"Phases \u00e9puratoires additionnelles - CoMinGreat","robots":{"index":"index","follow":"follow","max-snippet":"max-snippet:-1","max-image-preview":"max-image-preview:large","max-video-preview":"max-video-preview:-1"},"canonical":"https:\/\/comingreat-26-04.eurokey.dev\/fr\/phases-epuratoires-additionnelles\/","og_locale":"fr_FR","og_type":"article","og_title":"Phases \u00e9puratoires additionnelles - CoMinGreat","og_description":"Phases \u00e9puratoires additionnelles Proc\u00e9d\u00e9s Effets synergiques","og_url":"https:\/\/comingreat-26-04.eurokey.dev\/fr\/phases-epuratoires-additionnelles\/","og_site_name":"CoMinGreat","article_modified_time":"2022-12-15T09:50:45+00:00","twitter_card":"summary_large_image","twitter_misc":{"Dur\u00e9e de lecture estim\u00e9e":"1 minute"},"schema":{"@context":"https:\/\/schema.org","@graph":[{"@type":"WebPage","@id":"https:\/\/comingreat-26-04.eurokey.dev\/fr\/phases-epuratoires-additionnelles\/","url":"https:\/\/comingreat-26-04.eurokey.dev\/fr\/phases-epuratoires-additionnelles\/","name":"Phases \u00e9puratoires additionnelles - CoMinGreat","isPartOf":{"@id":"https:\/\/comingreat-26-04.eurokey.dev\/fr\/#website"},"datePublished":"2022-11-16T12:04:51+00:00","dateModified":"2022-12-15T09:50:45+00:00","breadcrumb":{"@id":"https:\/\/comingreat-26-04.eurokey.dev\/fr\/phases-epuratoires-additionnelles\/#breadcrumb"},"inLanguage":"fr-FR","potentialAction":[{"@type":"ReadAction","target":["https:\/\/comingreat-26-04.eurokey.dev\/fr\/phases-epuratoires-additionnelles\/"]}]},{"@type":"BreadcrumbList","@id":"https:\/\/comingreat-26-04.eurokey.dev\/fr\/phases-epuratoires-additionnelles\/#breadcrumb","itemListElement":[{"@type":"ListItem","position":1,"name":"Page d'acceuil","item":"https:\/\/comingreat-26-04.eurokey.dev\/fr\/"},{"@type":"ListItem","position":2,"name":"Phases \u00e9puratoires additionnelles"}]},{"@type":"WebSite","@id":"https:\/\/comingreat-26-04.eurokey.dev\/fr\/#website","url":"https:\/\/comingreat-26-04.eurokey.dev\/fr\/","name":"CoMinGreat","description":"Mikroschadstoffe in der Gro\u00dfregion","publisher":{"@id":"https:\/\/comingreat-26-04.eurokey.dev\/fr\/#organization"},"potentialAction":[{"@type":"SearchAction","target":{"@type":"EntryPoint","urlTemplate":"https:\/\/comingreat-26-04.eurokey.dev\/fr\/?s={search_term_string}"},"query-input":{"@type":"PropertyValueSpecification","valueRequired":true,"valueName":"search_term_string"}}],"inLanguage":"fr-FR"},{"@type":"Organization","@id":"https:\/\/comingreat-26-04.eurokey.dev\/fr\/#organization","name":"CoMinGreat","url":"https:\/\/comingreat-26-04.eurokey.dev\/fr\/","logo":{"@type":"ImageObject","inLanguage":"fr-FR","@id":"https:\/\/comingreat-26-04.eurokey.dev\/fr\/#\/schema\/logo\/image\/","url":"https:\/\/comingreat-26-04.eurokey.dev\/wp-content\/uploads\/2022\/09\/Interreg_GR_CoMinGreat_RGB_web.svg","contentUrl":"https:\/\/comingreat-26-04.eurokey.dev\/wp-content\/uploads\/2022\/09\/Interreg_GR_CoMinGreat_RGB_web.svg","width":437,"height":177,"caption":"CoMinGreat"},"image":{"@id":"https:\/\/comingreat-26-04.eurokey.dev\/fr\/#\/schema\/logo\/image\/"}}]}},"_links":{"self":[{"href":"https:\/\/comingreat-26-04.eurokey.dev\/fr\/wp-json\/wp\/v2\/pages\/6926","targetHints":{"allow":["GET"]}}],"collection":[{"href":"https:\/\/comingreat-26-04.eurokey.dev\/fr\/wp-json\/wp\/v2\/pages"}],"about":[{"href":"https:\/\/comingreat-26-04.eurokey.dev\/fr\/wp-json\/wp\/v2\/types\/page"}],"author":[{"embeddable":true,"href":"https:\/\/comingreat-26-04.eurokey.dev\/fr\/wp-json\/wp\/v2\/users\/1"}],"replies":[{"embeddable":true,"href":"https:\/\/comingreat-26-04.eurokey.dev\/fr\/wp-json\/wp\/v2\/comments?post=6926"}],"version-history":[{"count":33,"href":"https:\/\/comingreat-26-04.eurokey.dev\/fr\/wp-json\/wp\/v2\/pages\/6926\/revisions"}],"predecessor-version":[{"id":12574,"href":"https:\/\/comingreat-26-04.eurokey.dev\/fr\/wp-json\/wp\/v2\/pages\/6926\/revisions\/12574"}],"wp:attachment":[{"href":"https:\/\/comingreat-26-04.eurokey.dev\/fr\/wp-json\/wp\/v2\/media?parent=6926"}],"curies":[{"name":"wp","href":"https:\/\/api.w.org\/{rel}","templated":true}]}}