{"id":6749,"date":"2022-11-07T13:42:07","date_gmt":"2022-11-07T12:42:07","guid":{"rendered":"https:\/\/dev.comingreat.eu\/?page_id=6749"},"modified":"2022-12-02T10:47:51","modified_gmt":"2022-12-02T09:47:51","slug":"description","status":"publish","type":"page","link":"https:\/\/comingreat-26-04.eurokey.dev\/fr\/les-micropolluants\/description\/","title":{"rendered":"Description"},"content":{"rendered":"\t\t<div data-elementor-type=\"wp-page\" data-elementor-id=\"6749\" class=\"elementor elementor-6749 elementor-6748\" data-elementor-post-type=\"page\">\n\t\t\t\t\t\t<section class=\"elementor-section elementor-top-section elementor-element elementor-element-69fa8dc elementor-section-boxed elementor-section-height-default elementor-section-height-default\" data-id=\"69fa8dc\" data-element_type=\"section\" data-e-type=\"section\" data-settings=\"{&quot;background_background&quot;:&quot;classic&quot;}\">\n\t\t\t\t\t\t<div class=\"elementor-container elementor-column-gap-default\">\n\t\t\t\t\t<div class=\"elementor-column elementor-col-100 elementor-top-column elementor-element elementor-element-39af771\" data-id=\"39af771\" data-element_type=\"column\" data-e-type=\"column\">\n\t\t\t<div class=\"elementor-widget-wrap elementor-element-populated\">\n\t\t\t\t\t\t<div class=\"elementor-element elementor-element-9a0ecb9 solo elementor-widget elementor-widget-heading\" data-id=\"9a0ecb9\" data-element_type=\"widget\" data-e-type=\"widget\" data-widget_type=\"heading.default\">\n\t\t\t\t<div class=\"elementor-widget-container\">\n\t\t\t\t\t<h1 class=\"elementor-heading-title elementor-size-default\">Description des micropolluants<\/h1>\t\t\t\t<\/div>\n\t\t\t\t<\/div>\n\t\t\t\t<section class=\"elementor-section elementor-inner-section elementor-element elementor-element-278ba90 elementor-reverse-mobile elementor-section-boxed elementor-section-height-default elementor-section-height-default\" data-id=\"278ba90\" data-element_type=\"section\" data-e-type=\"section\" data-settings=\"{&quot;background_background&quot;:&quot;classic&quot;}\">\n\t\t\t\t\t\t<div class=\"elementor-container elementor-column-gap-default\">\n\t\t\t\t\t<div class=\"elementor-column elementor-col-33 elementor-inner-column elementor-element elementor-element-7da7818\" data-id=\"7da7818\" data-element_type=\"column\" data-e-type=\"column\">\n\t\t\t<div class=\"elementor-widget-wrap elementor-element-populated\">\n\t\t\t\t\t\t<div class=\"elementor-element elementor-element-a47c26f elementor-widget elementor-widget-text-editor\" data-id=\"a47c26f\" data-element_type=\"widget\" data-e-type=\"widget\" data-widget_type=\"text-editor.default\">\n\t\t\t\t<div class=\"elementor-widget-container\">\n\t\t\t\t\t\t\t\t\t<h3>Micropolluants \u2013 g\u00e9n\u00e9ralit\u00e9s<\/h3><p>Les micropolluants d\u00e9signent des substances organiques pr\u00e9sentes dans les eaux dans des quantit\u00e9s allant de quelques nanogrammes \u00e0 quelques microgrammes par litre (10<sup>-6<\/sup> \u2026 10<sup>-9<\/sup> g\/l), mais \u00e9tant d\u00e9j\u00e0 en mesure d&rsquo;influencer le d\u00e9roulement de processus biochimiques fondamentaux dans la nature.<\/p><p>Outre les principes actifs pharmaceutiques employ\u00e9s dans la m\u00e9decine humaine et v\u00e9t\u00e9rinaire, les agents de contraste radiographique, les ingr\u00e9dients de cosm\u00e9tiques et de produits de nettoyage, les produits anti-corrosifs, les produits chimiques industriels et les produits phytosanitaires comptent eux aussi parmi les substances faisant l&rsquo;objet d&rsquo;une surveillance. Les \u00e9l\u00e9ments traces v\u00e9hicul\u00e9s par les eaux pluviales et les eaux us\u00e9es rejoignent les syst\u00e8mes d&rsquo;assainissement et le milieu r\u00e9cepteur par le biais des d\u00e9versoirs de r\u00e9seaux s\u00e9paratifs, des d\u00e9versoirs d&rsquo;orage et des stations d&rsquo;\u00e9puration. Un grand nombre d&rsquo;\u00e9l\u00e9ments traces ne sont pas ou pas suffisamment retenus dans les stations d&rsquo;\u00e9puration m\u00e9caniques et biologiques conventionnelles. Des proc\u00e9d\u00e9s compl\u00e9mentaires (comme l&rsquo;ozonation, l&rsquo;adsorption sur charbon actif) permettent de retenir de mani\u00e8re cibl\u00e9e les \u00e9l\u00e9ments traces.<\/p>\t\t\t\t\t\t\t\t<\/div>\n\t\t\t\t<\/div>\n\t\t\t\t\t<\/div>\n\t\t<\/div>\n\t\t\t\t<div class=\"elementor-column elementor-col-33 elementor-inner-column elementor-element elementor-element-282ea65\" data-id=\"282ea65\" data-element_type=\"column\" data-e-type=\"column\">\n\t\t\t<div class=\"elementor-widget-wrap elementor-element-populated\">\n\t\t\t\t\t\t<div class=\"elementor-element elementor-element-495be43 elementor-widget elementor-widget-spacer\" data-id=\"495be43\" data-element_type=\"widget\" data-e-type=\"widget\" data-widget_type=\"spacer.default\">\n\t\t\t\t<div class=\"elementor-widget-container\">\n\t\t\t\t\t\t\t<div class=\"elementor-spacer\">\n\t\t\t<div class=\"elementor-spacer-inner\"><\/div>\n\t\t<\/div>\n\t\t\t\t\t\t<\/div>\n\t\t\t\t<\/div>\n\t\t\t\t\t<\/div>\n\t\t<\/div>\n\t\t\t\t<div class=\"elementor-column elementor-col-33 elementor-inner-column elementor-element elementor-element-d4b6b16\" data-id=\"d4b6b16\" data-element_type=\"column\" data-e-type=\"column\" data-settings=\"{&quot;background_background&quot;:&quot;classic&quot;}\">\n\t\t\t<div class=\"elementor-widget-wrap elementor-element-populated\">\n\t\t\t\t\t\t<div class=\"elementor-element elementor-element-d2ab6e9 elementor-widget elementor-widget-image\" data-id=\"d2ab6e9\" data-element_type=\"widget\" data-e-type=\"widget\" data-widget_type=\"image.default\">\n\t\t\t\t<div class=\"elementor-widget-container\">\n\t\t\t\t\t\t\t\t\t\t\t\t\t\t\t<img fetchpriority=\"high\" decoding=\"async\" width=\"800\" height=\"534\" src=\"https:\/\/comingreat-26-04.eurokey.dev\/wp-content\/uploads\/2022\/12\/mikroschadstoffe.png\" class=\"attachment-large size-large wp-image-11362\" alt=\"\" srcset=\"https:\/\/comingreat-26-04.eurokey.dev\/wp-content\/uploads\/2022\/12\/mikroschadstoffe.png 1000w, https:\/\/comingreat-26-04.eurokey.dev\/wp-content\/uploads\/2022\/12\/mikroschadstoffe-300x200.png 300w, https:\/\/comingreat-26-04.eurokey.dev\/wp-content\/uploads\/2022\/12\/mikroschadstoffe-768x512.png 768w\" sizes=\"(max-width: 800px) 100vw, 800px\" \/>\t\t\t\t\t\t\t\t\t\t\t\t\t\t\t<\/div>\n\t\t\t\t<\/div>\n\t\t\t\t\t<\/div>\n\t\t<\/div>\n\t\t\t\t\t<\/div>\n\t\t<\/section>\n\t\t\t\t\t<\/div>\n\t\t<\/div>\n\t\t\t\t\t<\/div>\n\t\t<\/section>\n\t\t\t\t<\/div>\n\t\t","protected":false},"excerpt":{"rendered":"<p>Description des micropolluants Micropolluants \u2013 g\u00e9n\u00e9ralit\u00e9s Les micropolluants d\u00e9signent des substances organiques pr\u00e9sentes dans les eaux dans des quantit\u00e9s allant de quelques nanogrammes \u00e0 quelques microgrammes par litre (10-6 \u2026 10-9 g\/l), mais \u00e9tant d\u00e9j\u00e0 en mesure d&rsquo;influencer le d\u00e9roulement de processus biochimiques fondamentaux dans la nature. Outre les principes actifs pharmaceutiques employ\u00e9s dans la [&hellip;]<\/p>\n","protected":false},"author":1,"featured_media":0,"parent":5211,"menu_order":1,"comment_status":"closed","ping_status":"closed","template":"","meta":{"footnotes":""},"class_list":["post-6749","page","type-page","status-publish","hentry"],"yoast_head":"<!-- This site is optimized with the Yoast SEO plugin v27.3 - https:\/\/yoast.com\/product\/yoast-seo-wordpress\/ -->\n<title>Description - CoMinGreat<\/title>\n<meta name=\"robots\" content=\"index, follow, max-snippet:-1, max-image-preview:large, max-video-preview:-1\" \/>\n<link rel=\"canonical\" href=\"https:\/\/comingreat-26-04.eurokey.dev\/fr\/les-micropolluants\/description\/\" \/>\n<meta property=\"og:locale\" content=\"fr_FR\" \/>\n<meta property=\"og:type\" content=\"article\" \/>\n<meta property=\"og:title\" content=\"Description - CoMinGreat\" \/>\n<meta property=\"og:description\" content=\"Description des micropolluants Micropolluants \u2013 g\u00e9n\u00e9ralit\u00e9s Les micropolluants d\u00e9signent des substances organiques pr\u00e9sentes dans les eaux dans des quantit\u00e9s allant de quelques nanogrammes \u00e0 quelques microgrammes par litre (10-6 \u2026 10-9 g\/l), mais \u00e9tant d\u00e9j\u00e0 en mesure d&rsquo;influencer le d\u00e9roulement de processus biochimiques fondamentaux dans la nature. Outre les principes actifs pharmaceutiques employ\u00e9s dans la [&hellip;]\" \/>\n<meta property=\"og:url\" content=\"https:\/\/comingreat-26-04.eurokey.dev\/fr\/les-micropolluants\/description\/\" \/>\n<meta property=\"og:site_name\" content=\"CoMinGreat\" \/>\n<meta property=\"article:modified_time\" content=\"2022-12-02T09:47:51+00:00\" \/>\n<meta property=\"og:image\" content=\"https:\/\/comingreat-26-04.eurokey.dev\/wp-content\/uploads\/2022\/12\/mikroschadstoffe.png\" \/>\n<meta name=\"twitter:card\" content=\"summary_large_image\" \/>\n<meta name=\"twitter:label1\" content=\"Dur\u00e9e de lecture estim\u00e9e\" \/>\n\t<meta name=\"twitter:data1\" content=\"2 minutes\" \/>\n<script type=\"application\/ld+json\" class=\"yoast-schema-graph\">{\"@context\":\"https:\\\/\\\/schema.org\",\"@graph\":[{\"@type\":\"WebPage\",\"@id\":\"https:\\\/\\\/comingreat-26-04.eurokey.dev\\\/fr\\\/les-micropolluants\\\/description\\\/\",\"url\":\"https:\\\/\\\/comingreat-26-04.eurokey.dev\\\/fr\\\/les-micropolluants\\\/description\\\/\",\"name\":\"Description - CoMinGreat\",\"isPartOf\":{\"@id\":\"https:\\\/\\\/comingreat-26-04.eurokey.dev\\\/fr\\\/#website\"},\"primaryImageOfPage\":{\"@id\":\"https:\\\/\\\/comingreat-26-04.eurokey.dev\\\/fr\\\/les-micropolluants\\\/description\\\/#primaryimage\"},\"image\":{\"@id\":\"https:\\\/\\\/comingreat-26-04.eurokey.dev\\\/fr\\\/les-micropolluants\\\/description\\\/#primaryimage\"},\"thumbnailUrl\":\"https:\\\/\\\/comingreat-26-04.eurokey.dev\\\/wp-content\\\/uploads\\\/2022\\\/12\\\/mikroschadstoffe.png\",\"datePublished\":\"2022-11-07T12:42:07+00:00\",\"dateModified\":\"2022-12-02T09:47:51+00:00\",\"breadcrumb\":{\"@id\":\"https:\\\/\\\/comingreat-26-04.eurokey.dev\\\/fr\\\/les-micropolluants\\\/description\\\/#breadcrumb\"},\"inLanguage\":\"fr-FR\",\"potentialAction\":[{\"@type\":\"ReadAction\",\"target\":[\"https:\\\/\\\/comingreat-26-04.eurokey.dev\\\/fr\\\/les-micropolluants\\\/description\\\/\"]}]},{\"@type\":\"ImageObject\",\"inLanguage\":\"fr-FR\",\"@id\":\"https:\\\/\\\/comingreat-26-04.eurokey.dev\\\/fr\\\/les-micropolluants\\\/description\\\/#primaryimage\",\"url\":\"https:\\\/\\\/comingreat-26-04.eurokey.dev\\\/wp-content\\\/uploads\\\/2022\\\/12\\\/mikroschadstoffe.png\",\"contentUrl\":\"https:\\\/\\\/comingreat-26-04.eurokey.dev\\\/wp-content\\\/uploads\\\/2022\\\/12\\\/mikroschadstoffe.png\"},{\"@type\":\"BreadcrumbList\",\"@id\":\"https:\\\/\\\/comingreat-26-04.eurokey.dev\\\/fr\\\/les-micropolluants\\\/description\\\/#breadcrumb\",\"itemListElement\":[{\"@type\":\"ListItem\",\"position\":1,\"name\":\"Page d'acceuil\",\"item\":\"https:\\\/\\\/comingreat-26-04.eurokey.dev\\\/fr\\\/\"},{\"@type\":\"ListItem\",\"position\":2,\"name\":\"Les micropolluants\",\"item\":\"https:\\\/\\\/comingreat-26-04.eurokey.dev\\\/fr\\\/les-micropolluants\\\/\"},{\"@type\":\"ListItem\",\"position\":3,\"name\":\"Description\"}]},{\"@type\":\"WebSite\",\"@id\":\"https:\\\/\\\/comingreat-26-04.eurokey.dev\\\/fr\\\/#website\",\"url\":\"https:\\\/\\\/comingreat-26-04.eurokey.dev\\\/fr\\\/\",\"name\":\"CoMinGreat\",\"description\":\"Mikroschadstoffe in der Gro\u00dfregion\",\"publisher\":{\"@id\":\"https:\\\/\\\/comingreat-26-04.eurokey.dev\\\/fr\\\/#organization\"},\"potentialAction\":[{\"@type\":\"SearchAction\",\"target\":{\"@type\":\"EntryPoint\",\"urlTemplate\":\"https:\\\/\\\/comingreat-26-04.eurokey.dev\\\/fr\\\/?s={search_term_string}\"},\"query-input\":{\"@type\":\"PropertyValueSpecification\",\"valueRequired\":true,\"valueName\":\"search_term_string\"}}],\"inLanguage\":\"fr-FR\"},{\"@type\":\"Organization\",\"@id\":\"https:\\\/\\\/comingreat-26-04.eurokey.dev\\\/fr\\\/#organization\",\"name\":\"CoMinGreat\",\"url\":\"https:\\\/\\\/comingreat-26-04.eurokey.dev\\\/fr\\\/\",\"logo\":{\"@type\":\"ImageObject\",\"inLanguage\":\"fr-FR\",\"@id\":\"https:\\\/\\\/comingreat-26-04.eurokey.dev\\\/fr\\\/#\\\/schema\\\/logo\\\/image\\\/\",\"url\":\"https:\\\/\\\/comingreat-26-04.eurokey.dev\\\/wp-content\\\/uploads\\\/2022\\\/09\\\/Interreg_GR_CoMinGreat_RGB_web.svg\",\"contentUrl\":\"https:\\\/\\\/comingreat-26-04.eurokey.dev\\\/wp-content\\\/uploads\\\/2022\\\/09\\\/Interreg_GR_CoMinGreat_RGB_web.svg\",\"width\":437,\"height\":177,\"caption\":\"CoMinGreat\"},\"image\":{\"@id\":\"https:\\\/\\\/comingreat-26-04.eurokey.dev\\\/fr\\\/#\\\/schema\\\/logo\\\/image\\\/\"}}]}<\/script>\n<!-- \/ Yoast SEO plugin. -->","yoast_head_json":{"title":"Description - CoMinGreat","robots":{"index":"index","follow":"follow","max-snippet":"max-snippet:-1","max-image-preview":"max-image-preview:large","max-video-preview":"max-video-preview:-1"},"canonical":"https:\/\/comingreat-26-04.eurokey.dev\/fr\/les-micropolluants\/description\/","og_locale":"fr_FR","og_type":"article","og_title":"Description - CoMinGreat","og_description":"Description des micropolluants Micropolluants \u2013 g\u00e9n\u00e9ralit\u00e9s Les micropolluants d\u00e9signent des substances organiques pr\u00e9sentes dans les eaux dans des quantit\u00e9s allant de quelques nanogrammes \u00e0 quelques microgrammes par litre (10-6 \u2026 10-9 g\/l), mais \u00e9tant d\u00e9j\u00e0 en mesure d&rsquo;influencer le d\u00e9roulement de processus biochimiques fondamentaux dans la nature. Outre les principes actifs pharmaceutiques employ\u00e9s dans la [&hellip;]","og_url":"https:\/\/comingreat-26-04.eurokey.dev\/fr\/les-micropolluants\/description\/","og_site_name":"CoMinGreat","article_modified_time":"2022-12-02T09:47:51+00:00","og_image":[{"url":"https:\/\/comingreat-26-04.eurokey.dev\/wp-content\/uploads\/2022\/12\/mikroschadstoffe.png","type":"","width":"","height":""}],"twitter_card":"summary_large_image","twitter_misc":{"Dur\u00e9e de lecture estim\u00e9e":"2 minutes"},"schema":{"@context":"https:\/\/schema.org","@graph":[{"@type":"WebPage","@id":"https:\/\/comingreat-26-04.eurokey.dev\/fr\/les-micropolluants\/description\/","url":"https:\/\/comingreat-26-04.eurokey.dev\/fr\/les-micropolluants\/description\/","name":"Description - CoMinGreat","isPartOf":{"@id":"https:\/\/comingreat-26-04.eurokey.dev\/fr\/#website"},"primaryImageOfPage":{"@id":"https:\/\/comingreat-26-04.eurokey.dev\/fr\/les-micropolluants\/description\/#primaryimage"},"image":{"@id":"https:\/\/comingreat-26-04.eurokey.dev\/fr\/les-micropolluants\/description\/#primaryimage"},"thumbnailUrl":"https:\/\/comingreat-26-04.eurokey.dev\/wp-content\/uploads\/2022\/12\/mikroschadstoffe.png","datePublished":"2022-11-07T12:42:07+00:00","dateModified":"2022-12-02T09:47:51+00:00","breadcrumb":{"@id":"https:\/\/comingreat-26-04.eurokey.dev\/fr\/les-micropolluants\/description\/#breadcrumb"},"inLanguage":"fr-FR","potentialAction":[{"@type":"ReadAction","target":["https:\/\/comingreat-26-04.eurokey.dev\/fr\/les-micropolluants\/description\/"]}]},{"@type":"ImageObject","inLanguage":"fr-FR","@id":"https:\/\/comingreat-26-04.eurokey.dev\/fr\/les-micropolluants\/description\/#primaryimage","url":"https:\/\/comingreat-26-04.eurokey.dev\/wp-content\/uploads\/2022\/12\/mikroschadstoffe.png","contentUrl":"https:\/\/comingreat-26-04.eurokey.dev\/wp-content\/uploads\/2022\/12\/mikroschadstoffe.png"},{"@type":"BreadcrumbList","@id":"https:\/\/comingreat-26-04.eurokey.dev\/fr\/les-micropolluants\/description\/#breadcrumb","itemListElement":[{"@type":"ListItem","position":1,"name":"Page d'acceuil","item":"https:\/\/comingreat-26-04.eurokey.dev\/fr\/"},{"@type":"ListItem","position":2,"name":"Les micropolluants","item":"https:\/\/comingreat-26-04.eurokey.dev\/fr\/les-micropolluants\/"},{"@type":"ListItem","position":3,"name":"Description"}]},{"@type":"WebSite","@id":"https:\/\/comingreat-26-04.eurokey.dev\/fr\/#website","url":"https:\/\/comingreat-26-04.eurokey.dev\/fr\/","name":"CoMinGreat","description":"Mikroschadstoffe in der Gro\u00dfregion","publisher":{"@id":"https:\/\/comingreat-26-04.eurokey.dev\/fr\/#organization"},"potentialAction":[{"@type":"SearchAction","target":{"@type":"EntryPoint","urlTemplate":"https:\/\/comingreat-26-04.eurokey.dev\/fr\/?s={search_term_string}"},"query-input":{"@type":"PropertyValueSpecification","valueRequired":true,"valueName":"search_term_string"}}],"inLanguage":"fr-FR"},{"@type":"Organization","@id":"https:\/\/comingreat-26-04.eurokey.dev\/fr\/#organization","name":"CoMinGreat","url":"https:\/\/comingreat-26-04.eurokey.dev\/fr\/","logo":{"@type":"ImageObject","inLanguage":"fr-FR","@id":"https:\/\/comingreat-26-04.eurokey.dev\/fr\/#\/schema\/logo\/image\/","url":"https:\/\/comingreat-26-04.eurokey.dev\/wp-content\/uploads\/2022\/09\/Interreg_GR_CoMinGreat_RGB_web.svg","contentUrl":"https:\/\/comingreat-26-04.eurokey.dev\/wp-content\/uploads\/2022\/09\/Interreg_GR_CoMinGreat_RGB_web.svg","width":437,"height":177,"caption":"CoMinGreat"},"image":{"@id":"https:\/\/comingreat-26-04.eurokey.dev\/fr\/#\/schema\/logo\/image\/"}}]}},"_links":{"self":[{"href":"https:\/\/comingreat-26-04.eurokey.dev\/fr\/wp-json\/wp\/v2\/pages\/6749","targetHints":{"allow":["GET"]}}],"collection":[{"href":"https:\/\/comingreat-26-04.eurokey.dev\/fr\/wp-json\/wp\/v2\/pages"}],"about":[{"href":"https:\/\/comingreat-26-04.eurokey.dev\/fr\/wp-json\/wp\/v2\/types\/page"}],"author":[{"embeddable":true,"href":"https:\/\/comingreat-26-04.eurokey.dev\/fr\/wp-json\/wp\/v2\/users\/1"}],"replies":[{"embeddable":true,"href":"https:\/\/comingreat-26-04.eurokey.dev\/fr\/wp-json\/wp\/v2\/comments?post=6749"}],"version-history":[{"count":14,"href":"https:\/\/comingreat-26-04.eurokey.dev\/fr\/wp-json\/wp\/v2\/pages\/6749\/revisions"}],"predecessor-version":[{"id":11372,"href":"https:\/\/comingreat-26-04.eurokey.dev\/fr\/wp-json\/wp\/v2\/pages\/6749\/revisions\/11372"}],"up":[{"embeddable":true,"href":"https:\/\/comingreat-26-04.eurokey.dev\/fr\/wp-json\/wp\/v2\/pages\/5211"}],"wp:attachment":[{"href":"https:\/\/comingreat-26-04.eurokey.dev\/fr\/wp-json\/wp\/v2\/media?parent=6749"}],"curies":[{"name":"wp","href":"https:\/\/api.w.org\/{rel}","templated":true}]}}