{"id":5211,"date":"2022-10-05T10:47:57","date_gmt":"2022-10-05T08:47:57","guid":{"rendered":"https:\/\/dev.comingreat.eu\/?page_id=5211"},"modified":"2022-12-15T10:49:49","modified_gmt":"2022-12-15T09:49:49","slug":"les-micropolluants","status":"publish","type":"page","link":"https:\/\/comingreat-26-04.eurokey.dev\/fr\/les-micropolluants\/","title":{"rendered":"Les micropolluants"},"content":{"rendered":"\t\t<div data-elementor-type=\"wp-page\" data-elementor-id=\"5211\" class=\"elementor elementor-5211 elementor-5213\" data-elementor-post-type=\"page\">\n\t\t\t\t\t\t<section class=\"elementor-section elementor-top-section elementor-element elementor-element-f499ff2 elementor-section-boxed elementor-section-height-default elementor-section-height-default\" data-id=\"f499ff2\" data-element_type=\"section\" data-e-type=\"section\" data-settings=\"{&quot;background_background&quot;:&quot;classic&quot;}\">\n\t\t\t\t\t\t<div class=\"elementor-container elementor-column-gap-default\">\n\t\t\t\t\t<div class=\"elementor-column elementor-col-100 elementor-top-column elementor-element elementor-element-0bc5a57\" data-id=\"0bc5a57\" data-element_type=\"column\" data-e-type=\"column\">\n\t\t\t<div class=\"elementor-widget-wrap elementor-element-populated\">\n\t\t\t\t\t\t<div class=\"elementor-element elementor-element-1bf355c solo elementor-widget elementor-widget-heading\" data-id=\"1bf355c\" data-element_type=\"widget\" data-e-type=\"widget\" data-widget_type=\"heading.default\">\n\t\t\t\t<div class=\"elementor-widget-container\">\n\t\t\t\t\t<h1 class=\"elementor-heading-title elementor-size-default\">Les micropolluants <\/h1>\t\t\t\t<\/div>\n\t\t\t\t<\/div>\n\t\t\t\t<div class=\"elementor-element elementor-element-9ae1ad1 elementor-widget elementor-widget-text-editor\" data-id=\"9ae1ad1\" data-element_type=\"widget\" data-e-type=\"widget\" data-widget_type=\"text-editor.default\">\n\t\t\t\t<div class=\"elementor-widget-container\">\n\t\t\t\t\t\t\t\t\t<h3>Micropolluants \u2013 g\u00e9n\u00e9ralit\u00e9s<\/h3><p>Les micropolluants d\u00e9signent des substances organiques pr\u00e9sentes dans les eaux dans des quantit\u00e9s allant de quelques nanogrammes \u00e0 quelques microgrammes par litre (10<sup>-6<\/sup> \u2026 10<sup>-9<\/sup> g\/l), mais \u00e9tant d\u00e9j\u00e0 en mesure d&rsquo;influencer le d\u00e9roulement de processus biochimiques fondamentaux dans la nature.<\/p><p>Outre les principes actifs pharmaceutiques employ\u00e9s dans la m\u00e9decine humaine et v\u00e9t\u00e9rinaire, les agents de contraste radiographique, les ingr\u00e9dients de cosm\u00e9tiques et de produits de nettoyage, les produits anti-corrosifs, les produits chimiques industriels et les produits phytosanitaires comptent eux aussi parmi les substances faisant l&rsquo;objet d&rsquo;une surveillance. Les \u00e9l\u00e9ments traces v\u00e9hicul\u00e9s par les eaux pluviales et les eaux us\u00e9es rejoignent les syst\u00e8mes d&rsquo;assainissement et le milieu r\u00e9cepteur par le biais des d\u00e9versoirs de r\u00e9seaux s\u00e9paratifs, des d\u00e9versoirs d&rsquo;orage et des stations d&rsquo;\u00e9puration. Un grand nombre d&rsquo;\u00e9l\u00e9ments traces ne sont pas ou pas suffisamment retenus dans les stations d&rsquo;\u00e9puration m\u00e9caniques et biologiques conventionnelles. Des proc\u00e9d\u00e9s compl\u00e9mentaires (comme l&rsquo;ozonation, l&rsquo;adsorption sur charbon actif) permettent de retenir de mani\u00e8re cibl\u00e9e les \u00e9l\u00e9ments traces.<\/p>\t\t\t\t\t\t\t\t<\/div>\n\t\t\t\t<\/div>\n\t\t\t\t<section class=\"elementor-section elementor-inner-section elementor-element elementor-element-dbf79cc elementor-section-boxed elementor-section-height-default elementor-section-height-default\" data-id=\"dbf79cc\" data-element_type=\"section\" data-e-type=\"section\">\n\t\t\t\t\t\t<div class=\"elementor-container elementor-column-gap-wide\">\n\t\t\t\t\t<div class=\"elementor-column elementor-col-25 elementor-inner-column elementor-element elementor-element-e4f1cee\" data-id=\"e4f1cee\" data-element_type=\"column\" data-e-type=\"column\">\n\t\t\t<div class=\"elementor-widget-wrap elementor-element-populated\">\n\t\t\t\t\t\t<div class=\"elementor-element elementor-element-f989698 elementor-bg-transform elementor-bg-transform-move-up elementor-cta--skin-classic elementor-animated-content elementor-widget elementor-widget-call-to-action\" data-id=\"f989698\" data-element_type=\"widget\" data-e-type=\"widget\" data-widget_type=\"call-to-action.default\">\n\t\t\t\t<div class=\"elementor-widget-container\">\n\t\t\t\t\t\t\t<a class=\"elementor-cta\" href=\"\/thema-mikroschadstoffe\/beschreibung\/\">\n\t\t\t\t\t<div class=\"elementor-cta__bg-wrapper\">\n\t\t\t\t<div class=\"elementor-cta__bg elementor-bg\" style=\"background-image: url(https:\/\/comingreat-26-04.eurokey.dev\/wp-content\/uploads\/2022\/12\/AdobeStock_69574498_m-1024x683.jpg);\" role=\"img\" aria-label=\"AdobeStock_69574498_m\"><\/div>\n\t\t\t\t<div class=\"elementor-cta__bg-overlay\"><\/div>\n\t\t\t<\/div>\n\t\t\t\t\t\t\t<div class=\"elementor-cta__content\">\n\t\t\t\t\n\t\t\t\t\t\t\t\t\t<span class=\"elementor-cta__title elementor-cta__content-item elementor-content-item\">\n\t\t\t\t\t\tDescription\t\t\t\t\t<\/span>\n\t\t\t\t\n\t\t\t\t\n\t\t\t\t\t\t\t<\/div>\n\t\t\t\t\t\t<\/a>\n\t\t\t\t\t\t<\/div>\n\t\t\t\t<\/div>\n\t\t\t\t\t<\/div>\n\t\t<\/div>\n\t\t\t\t<div class=\"elementor-column elementor-col-25 elementor-inner-column elementor-element elementor-element-e33b3df\" data-id=\"e33b3df\" data-element_type=\"column\" data-e-type=\"column\">\n\t\t\t<div class=\"elementor-widget-wrap elementor-element-populated\">\n\t\t\t\t\t\t<div class=\"elementor-element elementor-element-45130ab elementor-bg-transform elementor-bg-transform-move-up elementor-cta--skin-classic elementor-animated-content elementor-widget elementor-widget-call-to-action\" data-id=\"45130ab\" data-element_type=\"widget\" data-e-type=\"widget\" data-widget_type=\"call-to-action.default\">\n\t\t\t\t<div class=\"elementor-widget-container\">\n\t\t\t\t\t\t\t<a class=\"elementor-cta\" href=\"\/thema-mikroschadstoffe\/rechtliche-rahmenbedingungen\/\">\n\t\t\t\t\t<div class=\"elementor-cta__bg-wrapper\">\n\t\t\t\t<div class=\"elementor-cta__bg elementor-bg\" style=\"background-image: url(https:\/\/comingreat-26-04.eurokey.dev\/wp-content\/uploads\/2022\/12\/AdobeStock_77960083_m-1024x683.jpg);\" role=\"img\" aria-label=\"AdobeStock_77960083_m\"><\/div>\n\t\t\t\t<div class=\"elementor-cta__bg-overlay\"><\/div>\n\t\t\t<\/div>\n\t\t\t\t\t\t\t<div class=\"elementor-cta__content\">\n\t\t\t\t\n\t\t\t\t\t\t\t\t\t<span class=\"elementor-cta__title elementor-cta__content-item elementor-content-item\">\n\t\t\t\t\t\tCadre juridique\t\t\t\t\t<\/span>\n\t\t\t\t\n\t\t\t\t\n\t\t\t\t\t\t\t<\/div>\n\t\t\t\t\t\t<\/a>\n\t\t\t\t\t\t<\/div>\n\t\t\t\t<\/div>\n\t\t\t\t\t<\/div>\n\t\t<\/div>\n\t\t\t\t<div class=\"elementor-column elementor-col-25 elementor-inner-column elementor-element elementor-element-2170130\" data-id=\"2170130\" data-element_type=\"column\" data-e-type=\"column\">\n\t\t\t<div class=\"elementor-widget-wrap elementor-element-populated\">\n\t\t\t\t\t\t<div class=\"elementor-element elementor-element-e479ef0 elementor-bg-transform elementor-bg-transform-move-up elementor-cta--skin-classic elementor-animated-content elementor-widget elementor-widget-call-to-action\" data-id=\"e479ef0\" data-element_type=\"widget\" data-e-type=\"widget\" data-widget_type=\"call-to-action.default\">\n\t\t\t\t<div class=\"elementor-widget-container\">\n\t\t\t\t\t\t\t<a class=\"elementor-cta\" href=\"https:\/\/comingreat-26-04.eurokey.dev\/thema-mikroschadstoffe\/massnahmen-an-der-quelle\/\">\n\t\t\t\t\t<div class=\"elementor-cta__bg-wrapper\">\n\t\t\t\t<div class=\"elementor-cta__bg elementor-bg\" style=\"background-image: url(https:\/\/comingreat-26-04.eurokey.dev\/wp-content\/uploads\/2022\/12\/AdobeStock_545361831_m2-1024x683.jpg);\" role=\"img\" aria-label=\"AdobeStock_545361831_m2\"><\/div>\n\t\t\t\t<div class=\"elementor-cta__bg-overlay\"><\/div>\n\t\t\t<\/div>\n\t\t\t\t\t\t\t<div class=\"elementor-cta__content\">\n\t\t\t\t\n\t\t\t\t\t\t\t\t\t<span class=\"elementor-cta__title elementor-cta__content-item elementor-content-item\">\n\t\t\t\t\t\tMesures \u00e0 la source\t\t\t\t\t<\/span>\n\t\t\t\t\n\t\t\t\t\n\t\t\t\t\t\t\t<\/div>\n\t\t\t\t\t\t<\/a>\n\t\t\t\t\t\t<\/div>\n\t\t\t\t<\/div>\n\t\t\t\t\t<\/div>\n\t\t<\/div>\n\t\t\t\t<div class=\"elementor-column elementor-col-25 elementor-inner-column elementor-element elementor-element-e62ebc4\" data-id=\"e62ebc4\" data-element_type=\"column\" data-e-type=\"column\">\n\t\t\t<div class=\"elementor-widget-wrap elementor-element-populated\">\n\t\t\t\t\t\t<div class=\"elementor-element elementor-element-59bc36b elementor-bg-transform elementor-bg-transform-move-up elementor-cta--skin-classic elementor-animated-content elementor-widget elementor-widget-call-to-action\" data-id=\"59bc36b\" data-element_type=\"widget\" data-e-type=\"widget\" data-widget_type=\"call-to-action.default\">\n\t\t\t\t<div class=\"elementor-widget-container\">\n\t\t\t\t\t\t\t<a class=\"elementor-cta\" href=\"\/thema-mikroschadstoffe\/weiterfuehrende-informationen\/\">\n\t\t\t\t\t<div class=\"elementor-cta__bg-wrapper\">\n\t\t\t\t<div class=\"elementor-cta__bg elementor-bg\" style=\"background-image: url(https:\/\/comingreat-26-04.eurokey.dev\/wp-content\/uploads\/2022\/11\/books-gef85f1a2a_1000.jpg);\" role=\"img\" aria-label=\"books-gef85f1a2a_1000\"><\/div>\n\t\t\t\t<div class=\"elementor-cta__bg-overlay\"><\/div>\n\t\t\t<\/div>\n\t\t\t\t\t\t\t<div class=\"elementor-cta__content\">\n\t\t\t\t\n\t\t\t\t\t\t\t\t\t<span class=\"elementor-cta__title elementor-cta__content-item elementor-content-item\">\n\t\t\t\t\t\tInformations compl\u00e9mentaires\t\t\t\t\t<\/span>\n\t\t\t\t\n\t\t\t\t\n\t\t\t\t\t\t\t<\/div>\n\t\t\t\t\t\t<\/a>\n\t\t\t\t\t\t<\/div>\n\t\t\t\t<\/div>\n\t\t\t\t\t<\/div>\n\t\t<\/div>\n\t\t\t\t\t<\/div>\n\t\t<\/section>\n\t\t\t\t\t<\/div>\n\t\t<\/div>\n\t\t\t\t\t<\/div>\n\t\t<\/section>\n\t\t\t\t<\/div>\n\t\t","protected":false},"excerpt":{"rendered":"<p>Les micropolluants Micropolluants \u2013 g\u00e9n\u00e9ralit\u00e9s Les micropolluants d\u00e9signent des substances organiques pr\u00e9sentes dans les eaux dans des quantit\u00e9s allant de quelques nanogrammes \u00e0 quelques microgrammes par litre (10-6 \u2026 10-9 g\/l), mais \u00e9tant d\u00e9j\u00e0 en mesure d&rsquo;influencer le d\u00e9roulement de processus biochimiques fondamentaux dans la nature. Outre les principes actifs pharmaceutiques employ\u00e9s dans la m\u00e9decine [&hellip;]<\/p>\n","protected":false},"author":1,"featured_media":0,"parent":0,"menu_order":1,"comment_status":"closed","ping_status":"closed","template":"","meta":{"footnotes":""},"class_list":["post-5211","page","type-page","status-publish","hentry"],"yoast_head":"<!-- This site is optimized with the Yoast SEO plugin v27.3 - https:\/\/yoast.com\/product\/yoast-seo-wordpress\/ -->\n<title>Les micropolluants - CoMinGreat<\/title>\n<meta name=\"robots\" content=\"index, follow, max-snippet:-1, max-image-preview:large, max-video-preview:-1\" \/>\n<link rel=\"canonical\" href=\"https:\/\/comingreat-26-04.eurokey.dev\/fr\/les-micropolluants\/\" \/>\n<meta property=\"og:locale\" content=\"fr_FR\" \/>\n<meta property=\"og:type\" content=\"article\" \/>\n<meta property=\"og:title\" content=\"Les micropolluants - CoMinGreat\" \/>\n<meta property=\"og:description\" content=\"Les micropolluants Micropolluants \u2013 g\u00e9n\u00e9ralit\u00e9s Les micropolluants d\u00e9signent des substances organiques pr\u00e9sentes dans les eaux dans des quantit\u00e9s allant de quelques nanogrammes \u00e0 quelques microgrammes par litre (10-6 \u2026 10-9 g\/l), mais \u00e9tant d\u00e9j\u00e0 en mesure d&rsquo;influencer le d\u00e9roulement de processus biochimiques fondamentaux dans la nature. Outre les principes actifs pharmaceutiques employ\u00e9s dans la m\u00e9decine [&hellip;]\" \/>\n<meta property=\"og:url\" content=\"https:\/\/comingreat-26-04.eurokey.dev\/fr\/les-micropolluants\/\" \/>\n<meta property=\"og:site_name\" content=\"CoMinGreat\" \/>\n<meta property=\"article:modified_time\" content=\"2022-12-15T09:49:49+00:00\" \/>\n<meta name=\"twitter:card\" content=\"summary_large_image\" \/>\n<meta name=\"twitter:label1\" content=\"Dur\u00e9e de lecture estim\u00e9e\" \/>\n\t<meta name=\"twitter:data1\" content=\"1 minute\" \/>\n<script type=\"application\/ld+json\" class=\"yoast-schema-graph\">{\"@context\":\"https:\\\/\\\/schema.org\",\"@graph\":[{\"@type\":\"WebPage\",\"@id\":\"https:\\\/\\\/comingreat-26-04.eurokey.dev\\\/fr\\\/les-micropolluants\\\/\",\"url\":\"https:\\\/\\\/comingreat-26-04.eurokey.dev\\\/fr\\\/les-micropolluants\\\/\",\"name\":\"Les micropolluants - CoMinGreat\",\"isPartOf\":{\"@id\":\"https:\\\/\\\/comingreat-26-04.eurokey.dev\\\/fr\\\/#website\"},\"datePublished\":\"2022-10-05T08:47:57+00:00\",\"dateModified\":\"2022-12-15T09:49:49+00:00\",\"breadcrumb\":{\"@id\":\"https:\\\/\\\/comingreat-26-04.eurokey.dev\\\/fr\\\/les-micropolluants\\\/#breadcrumb\"},\"inLanguage\":\"fr-FR\",\"potentialAction\":[{\"@type\":\"ReadAction\",\"target\":[\"https:\\\/\\\/comingreat-26-04.eurokey.dev\\\/fr\\\/les-micropolluants\\\/\"]}]},{\"@type\":\"BreadcrumbList\",\"@id\":\"https:\\\/\\\/comingreat-26-04.eurokey.dev\\\/fr\\\/les-micropolluants\\\/#breadcrumb\",\"itemListElement\":[{\"@type\":\"ListItem\",\"position\":1,\"name\":\"Page d'acceuil\",\"item\":\"https:\\\/\\\/comingreat-26-04.eurokey.dev\\\/fr\\\/\"},{\"@type\":\"ListItem\",\"position\":2,\"name\":\"Les micropolluants\"}]},{\"@type\":\"WebSite\",\"@id\":\"https:\\\/\\\/comingreat-26-04.eurokey.dev\\\/fr\\\/#website\",\"url\":\"https:\\\/\\\/comingreat-26-04.eurokey.dev\\\/fr\\\/\",\"name\":\"CoMinGreat\",\"description\":\"Mikroschadstoffe in der Gro\u00dfregion\",\"publisher\":{\"@id\":\"https:\\\/\\\/comingreat-26-04.eurokey.dev\\\/fr\\\/#organization\"},\"potentialAction\":[{\"@type\":\"SearchAction\",\"target\":{\"@type\":\"EntryPoint\",\"urlTemplate\":\"https:\\\/\\\/comingreat-26-04.eurokey.dev\\\/fr\\\/?s={search_term_string}\"},\"query-input\":{\"@type\":\"PropertyValueSpecification\",\"valueRequired\":true,\"valueName\":\"search_term_string\"}}],\"inLanguage\":\"fr-FR\"},{\"@type\":\"Organization\",\"@id\":\"https:\\\/\\\/comingreat-26-04.eurokey.dev\\\/fr\\\/#organization\",\"name\":\"CoMinGreat\",\"url\":\"https:\\\/\\\/comingreat-26-04.eurokey.dev\\\/fr\\\/\",\"logo\":{\"@type\":\"ImageObject\",\"inLanguage\":\"fr-FR\",\"@id\":\"https:\\\/\\\/comingreat-26-04.eurokey.dev\\\/fr\\\/#\\\/schema\\\/logo\\\/image\\\/\",\"url\":\"https:\\\/\\\/comingreat-26-04.eurokey.dev\\\/wp-content\\\/uploads\\\/2022\\\/09\\\/Interreg_GR_CoMinGreat_RGB_web.svg\",\"contentUrl\":\"https:\\\/\\\/comingreat-26-04.eurokey.dev\\\/wp-content\\\/uploads\\\/2022\\\/09\\\/Interreg_GR_CoMinGreat_RGB_web.svg\",\"width\":437,\"height\":177,\"caption\":\"CoMinGreat\"},\"image\":{\"@id\":\"https:\\\/\\\/comingreat-26-04.eurokey.dev\\\/fr\\\/#\\\/schema\\\/logo\\\/image\\\/\"}}]}<\/script>\n<!-- \/ Yoast SEO plugin. -->","yoast_head_json":{"title":"Les micropolluants - CoMinGreat","robots":{"index":"index","follow":"follow","max-snippet":"max-snippet:-1","max-image-preview":"max-image-preview:large","max-video-preview":"max-video-preview:-1"},"canonical":"https:\/\/comingreat-26-04.eurokey.dev\/fr\/les-micropolluants\/","og_locale":"fr_FR","og_type":"article","og_title":"Les micropolluants - CoMinGreat","og_description":"Les micropolluants Micropolluants \u2013 g\u00e9n\u00e9ralit\u00e9s Les micropolluants d\u00e9signent des substances organiques pr\u00e9sentes dans les eaux dans des quantit\u00e9s allant de quelques nanogrammes \u00e0 quelques microgrammes par litre (10-6 \u2026 10-9 g\/l), mais \u00e9tant d\u00e9j\u00e0 en mesure d&rsquo;influencer le d\u00e9roulement de processus biochimiques fondamentaux dans la nature. Outre les principes actifs pharmaceutiques employ\u00e9s dans la m\u00e9decine [&hellip;]","og_url":"https:\/\/comingreat-26-04.eurokey.dev\/fr\/les-micropolluants\/","og_site_name":"CoMinGreat","article_modified_time":"2022-12-15T09:49:49+00:00","twitter_card":"summary_large_image","twitter_misc":{"Dur\u00e9e de lecture estim\u00e9e":"1 minute"},"schema":{"@context":"https:\/\/schema.org","@graph":[{"@type":"WebPage","@id":"https:\/\/comingreat-26-04.eurokey.dev\/fr\/les-micropolluants\/","url":"https:\/\/comingreat-26-04.eurokey.dev\/fr\/les-micropolluants\/","name":"Les micropolluants - CoMinGreat","isPartOf":{"@id":"https:\/\/comingreat-26-04.eurokey.dev\/fr\/#website"},"datePublished":"2022-10-05T08:47:57+00:00","dateModified":"2022-12-15T09:49:49+00:00","breadcrumb":{"@id":"https:\/\/comingreat-26-04.eurokey.dev\/fr\/les-micropolluants\/#breadcrumb"},"inLanguage":"fr-FR","potentialAction":[{"@type":"ReadAction","target":["https:\/\/comingreat-26-04.eurokey.dev\/fr\/les-micropolluants\/"]}]},{"@type":"BreadcrumbList","@id":"https:\/\/comingreat-26-04.eurokey.dev\/fr\/les-micropolluants\/#breadcrumb","itemListElement":[{"@type":"ListItem","position":1,"name":"Page d'acceuil","item":"https:\/\/comingreat-26-04.eurokey.dev\/fr\/"},{"@type":"ListItem","position":2,"name":"Les micropolluants"}]},{"@type":"WebSite","@id":"https:\/\/comingreat-26-04.eurokey.dev\/fr\/#website","url":"https:\/\/comingreat-26-04.eurokey.dev\/fr\/","name":"CoMinGreat","description":"Mikroschadstoffe in der Gro\u00dfregion","publisher":{"@id":"https:\/\/comingreat-26-04.eurokey.dev\/fr\/#organization"},"potentialAction":[{"@type":"SearchAction","target":{"@type":"EntryPoint","urlTemplate":"https:\/\/comingreat-26-04.eurokey.dev\/fr\/?s={search_term_string}"},"query-input":{"@type":"PropertyValueSpecification","valueRequired":true,"valueName":"search_term_string"}}],"inLanguage":"fr-FR"},{"@type":"Organization","@id":"https:\/\/comingreat-26-04.eurokey.dev\/fr\/#organization","name":"CoMinGreat","url":"https:\/\/comingreat-26-04.eurokey.dev\/fr\/","logo":{"@type":"ImageObject","inLanguage":"fr-FR","@id":"https:\/\/comingreat-26-04.eurokey.dev\/fr\/#\/schema\/logo\/image\/","url":"https:\/\/comingreat-26-04.eurokey.dev\/wp-content\/uploads\/2022\/09\/Interreg_GR_CoMinGreat_RGB_web.svg","contentUrl":"https:\/\/comingreat-26-04.eurokey.dev\/wp-content\/uploads\/2022\/09\/Interreg_GR_CoMinGreat_RGB_web.svg","width":437,"height":177,"caption":"CoMinGreat"},"image":{"@id":"https:\/\/comingreat-26-04.eurokey.dev\/fr\/#\/schema\/logo\/image\/"}}]}},"_links":{"self":[{"href":"https:\/\/comingreat-26-04.eurokey.dev\/fr\/wp-json\/wp\/v2\/pages\/5211","targetHints":{"allow":["GET"]}}],"collection":[{"href":"https:\/\/comingreat-26-04.eurokey.dev\/fr\/wp-json\/wp\/v2\/pages"}],"about":[{"href":"https:\/\/comingreat-26-04.eurokey.dev\/fr\/wp-json\/wp\/v2\/types\/page"}],"author":[{"embeddable":true,"href":"https:\/\/comingreat-26-04.eurokey.dev\/fr\/wp-json\/wp\/v2\/users\/1"}],"replies":[{"embeddable":true,"href":"https:\/\/comingreat-26-04.eurokey.dev\/fr\/wp-json\/wp\/v2\/comments?post=5211"}],"version-history":[{"count":57,"href":"https:\/\/comingreat-26-04.eurokey.dev\/fr\/wp-json\/wp\/v2\/pages\/5211\/revisions"}],"predecessor-version":[{"id":12571,"href":"https:\/\/comingreat-26-04.eurokey.dev\/fr\/wp-json\/wp\/v2\/pages\/5211\/revisions\/12571"}],"wp:attachment":[{"href":"https:\/\/comingreat-26-04.eurokey.dev\/fr\/wp-json\/wp\/v2\/media?parent=5211"}],"curies":[{"name":"wp","href":"https:\/\/api.w.org\/{rel}","templated":true}]}}