{"id":3154,"date":"2021-12-14T12:53:23","date_gmt":"2021-12-14T12:53:23","guid":{"rendered":"https:\/\/entwicklung.comingreat.eu\/?page_id=3154"},"modified":"2022-11-23T12:32:36","modified_gmt":"2022-11-23T11:32:36","slug":"mentions-legales","status":"publish","type":"page","link":"https:\/\/comingreat-26-04.eurokey.dev\/fr\/mentions-legales\/","title":{"rendered":"mentions l\u00e9gales"},"content":{"rendered":"\t\t<div data-elementor-type=\"wp-page\" data-elementor-id=\"3154\" class=\"elementor elementor-3154 elementor-3149\" data-elementor-post-type=\"page\">\n\t\t\t\t\t\t<section class=\"elementor-section elementor-top-section elementor-element elementor-element-e6c4478 elementor-section-boxed elementor-section-height-default elementor-section-height-default\" data-id=\"e6c4478\" data-element_type=\"section\" data-e-type=\"section\" data-settings=\"{&quot;background_background&quot;:&quot;classic&quot;}\">\n\t\t\t\t\t\t<div class=\"elementor-container elementor-column-gap-default\">\n\t\t\t\t\t<div class=\"elementor-column elementor-col-100 elementor-top-column elementor-element elementor-element-15e8a5e\" data-id=\"15e8a5e\" data-element_type=\"column\" data-e-type=\"column\">\n\t\t\t<div class=\"elementor-widget-wrap elementor-element-populated\">\n\t\t\t\t\t\t<div class=\"elementor-element elementor-element-b4ff408 elementor-widget elementor-widget-heading\" data-id=\"b4ff408\" data-element_type=\"widget\" data-e-type=\"widget\" data-widget_type=\"heading.default\">\n\t\t\t\t<div class=\"elementor-widget-container\">\n\t\t\t\t\t<h1 class=\"elementor-heading-title elementor-size-default\">Mentions l\u00e9gales<\/h1>\t\t\t\t<\/div>\n\t\t\t\t<\/div>\n\t\t\t\t<div class=\"elementor-element elementor-element-8011fc4 elementor-widget elementor-widget-text-editor\" data-id=\"8011fc4\" data-element_type=\"widget\" data-e-type=\"widget\" data-widget_type=\"text-editor.default\">\n\t\t\t\t<div class=\"elementor-widget-container\">\n\t\t\t\t\t\t\t\t\t<h4><strong>Conform\u00e9ment \u00e0 l\u2019article 5 de la loi allemande relative aux m\u00e9dias num\u00e9riques (TMG)<\/strong><\/h4><p>Entsorgungsverband Saar<br \/>Personne morale de droit public<br \/>Untert\u00fcrkheimer Stra\u00dfe 21<br \/>66117 Sarrebruck<br \/>T\u00e9l.\u00a0: 0681 5000-0<br \/>Fax\u00a0: 0681 5000-550<br \/>E-mail\u00a0: planung-konzeption@evs.de<\/p><p>Repr\u00e9sent\u00e9e par ses g\u00e9rants\u00a0:<br \/>Stefan Kunz et Holger Schmitt<\/p><p>Num\u00e9ro d\u2019identification T.V.A.\u00a0: DE 157 728 809<\/p><p>\u00a0<\/p><p><strong>Autorit\u00e9 de tutelle<\/strong><\/p><p>Ministerium f\u00fcr Umwelt, Klima, Mobilit\u00e4t, Agrar und Verbraucherschutz (Minist\u00e8re de l\u2019Environnement, du Climat, de la Mobilit\u00e9, de l\u2019Agriculture et de la Protection des consommateurs)<br \/>Keplerstra\u00dfe 18<br \/>66117 Sarrebruck<\/p><p>\u00a0<\/p><p><strong>Directeurs de la publication au sens de l\u2019article 18, alin\u00e9a 2 du trait\u00e9 sur la modernisation de la r\u00e9glementation des m\u00e9dias en Allemagne (MStV)<\/strong><\/p><p>Dr. Ralf Hasselbach<br \/>Tina Vollerthun<\/p><p><strong>H\u00e9bergement et r\u00e9alisation technique<\/strong><\/p><p>EUROKEY Software GmbH<br \/>Fischbachstr. 86 A<br \/>66125 Sarrebruck<\/p><p>\u00a0<\/p><p>\u00a0<\/p><p><strong>Liens externes<\/strong><\/p><p>Notre site\u00a0contient des liens vers des sites de tiers. Nous n\u2019avons aucun contr\u00f4le sur le contenu de ces sites. Notre responsabilit\u00e9 ne peut donc \u00eatre engag\u00e9e \u00e0 ce titre. La responsabilit\u00e9 du contenu des sites accessibles via les liens incombe toujours \u00e0 l\u2019\u00e9diteur ou exploitant du site. Au moment d\u2019ins\u00e9rer les liens vers les sites de tiers, nous avons v\u00e9rifi\u00e9 l\u2019absence de contenus ill\u00e9gaux.<\/p><p>En l\u2019absence d\u2019\u00e9l\u00e9ments concrets, il ne peut \u00eatre raisonnablement demand\u00e9 de contr\u00f4ler en permanence le contenu des sites accessibles via les liens. Si nous prenons connaissance d\u2019une violation de la loi, nous retirerons les liens concern\u00e9s sans d\u00e9lai.<\/p><p>\u00a0<\/p><p><strong>Responsabilit\u00e9 du contenu<\/strong><\/p><p>Conform\u00e9ment \u00e0 l\u2019article 7, alin\u00e9a 1 de la loi allemande relative aux m\u00e9dias num\u00e9riques (TMG), l\u2019EVS est responsable des contenus cr\u00e9\u00e9s par lui-m\u00eame et publi\u00e9s sur ses sites. Cette responsabilit\u00e9 est r\u00e9gie par les dispositions du droit commun. Selon les articles 8 \u00e0 10 de ladite loi, nous ne sommes pas tenus de surveiller les informations de tiers qui ont \u00e9t\u00e9 transmises ou enregistr\u00e9es ou de rechercher des indices d\u2019une activit\u00e9 illicite, mais ces dispositions ne d\u00e9rogent pas \u00e0 notre obligation de supprimer des informations et de bloquer leur utilisation conform\u00e9ment au droit commun. Toutefois, notre responsabilit\u00e9 ne peut \u00eatre engag\u00e9e \u00e0 ce titre qu\u2019\u00e0 compter de la date \u00e0 laquelle nous avons pris connaissance d\u2019une violation concr\u00e8te de la loi. Si une telle violation est port\u00e9e \u00e0 notre connaissance, nous supprimerons le contenu concern\u00e9 sans d\u00e9lai.<\/p><p>\u00a0<\/p><p><strong>Droit d\u2019auteur et l\u00e9gislation en mati\u00e8re de signes distinctifs<\/strong><\/p><p>Le contenu de notre site est prot\u00e9g\u00e9 par le droit d\u2019auteur. Dans toutes ses publications, l\u2019EVS\u00a0veille \u00e0 respecter le droit des auteurs des graphiques et textes utilis\u00e9s, \u00e0 utiliser des graphiques et textes cr\u00e9\u00e9s par lui-m\u00eame ou \u00e0 avoir recours \u00e0 des graphiques et textes disponibles sans licence. En ce qui concerne les \u00e9l\u00e9ments publi\u00e9s que l\u2019auteur a r\u00e9alis\u00e9s lui-m\u00eame, seul l\u2019auteur des pages conserve le droit d\u2019auteur. Sans l\u2019accord expr\u00e8s de l\u2019EVS, il est interdit de reproduire ou d\u2019utiliser de tels graphiques ou \u00e9l\u00e9ments sonores dans d\u2019autres publications \u00e9lectroniques ou sur support papier. Les textes publi\u00e9s dans la rubrique \u00ab\u00a0actualit\u00e9\u00a0\u00bb dont la diffusion a \u00e9t\u00e9 express\u00e9ment propos\u00e9e ne sont pas concern\u00e9s par cette disposition.<\/p>\t\t\t\t\t\t\t\t<\/div>\n\t\t\t\t<\/div>\n\t\t\t\t\t<\/div>\n\t\t<\/div>\n\t\t\t\t\t<\/div>\n\t\t<\/section>\n\t\t\t\t<\/div>\n\t\t","protected":false},"excerpt":{"rendered":"<p>Mentions l\u00e9gales Conform\u00e9ment \u00e0 l\u2019article 5 de la loi allemande relative aux m\u00e9dias num\u00e9riques (TMG) Entsorgungsverband SaarPersonne morale de droit publicUntert\u00fcrkheimer Stra\u00dfe 2166117 SarrebruckT\u00e9l.\u00a0: 0681 5000-0Fax\u00a0: 0681 5000-550E-mail\u00a0: planung-konzeption@evs.de Repr\u00e9sent\u00e9e par ses g\u00e9rants\u00a0:Stefan Kunz et Holger Schmitt Num\u00e9ro d\u2019identification T.V.A.\u00a0: DE 157 728 809 \u00a0 Autorit\u00e9 de tutelle Ministerium f\u00fcr Umwelt, Klima, Mobilit\u00e4t, Agrar und [&hellip;]<\/p>\n","protected":false},"author":1,"featured_media":0,"parent":0,"menu_order":12,"comment_status":"closed","ping_status":"closed","template":"","meta":{"footnotes":""},"class_list":["post-3154","page","type-page","status-publish","hentry"],"yoast_head":"<!-- This site is optimized with the Yoast SEO plugin v27.3 - https:\/\/yoast.com\/product\/yoast-seo-wordpress\/ -->\n<title>mentions l\u00e9gales - CoMinGreat<\/title>\n<meta name=\"robots\" content=\"index, follow, max-snippet:-1, max-image-preview:large, max-video-preview:-1\" \/>\n<link rel=\"canonical\" href=\"https:\/\/comingreat-26-04.eurokey.dev\/fr\/mentions-legales\/\" \/>\n<meta property=\"og:locale\" content=\"fr_FR\" \/>\n<meta property=\"og:type\" content=\"article\" \/>\n<meta property=\"og:title\" content=\"mentions l\u00e9gales - CoMinGreat\" \/>\n<meta property=\"og:description\" content=\"Mentions l\u00e9gales Conform\u00e9ment \u00e0 l\u2019article 5 de la loi allemande relative aux m\u00e9dias num\u00e9riques (TMG) Entsorgungsverband SaarPersonne morale de droit publicUntert\u00fcrkheimer Stra\u00dfe 2166117 SarrebruckT\u00e9l.\u00a0: 0681 5000-0Fax\u00a0: 0681 5000-550E-mail\u00a0: planung-konzeption@evs.de Repr\u00e9sent\u00e9e par ses g\u00e9rants\u00a0:Stefan Kunz et Holger Schmitt Num\u00e9ro d\u2019identification T.V.A.\u00a0: DE 157 728 809 \u00a0 Autorit\u00e9 de tutelle Ministerium f\u00fcr Umwelt, Klima, Mobilit\u00e4t, Agrar und [&hellip;]\" \/>\n<meta property=\"og:url\" content=\"https:\/\/comingreat-26-04.eurokey.dev\/fr\/mentions-legales\/\" \/>\n<meta property=\"og:site_name\" content=\"CoMinGreat\" \/>\n<meta property=\"article:modified_time\" content=\"2022-11-23T11:32:36+00:00\" \/>\n<meta name=\"twitter:card\" content=\"summary_large_image\" \/>\n<meta name=\"twitter:label1\" content=\"Dur\u00e9e de lecture estim\u00e9e\" \/>\n\t<meta name=\"twitter:data1\" content=\"3 minutes\" \/>\n<script type=\"application\/ld+json\" class=\"yoast-schema-graph\">{\"@context\":\"https:\\\/\\\/schema.org\",\"@graph\":[{\"@type\":\"WebPage\",\"@id\":\"https:\\\/\\\/comingreat-26-04.eurokey.dev\\\/fr\\\/mentions-legales\\\/\",\"url\":\"https:\\\/\\\/comingreat-26-04.eurokey.dev\\\/fr\\\/mentions-legales\\\/\",\"name\":\"mentions l\u00e9gales - CoMinGreat\",\"isPartOf\":{\"@id\":\"https:\\\/\\\/comingreat-26-04.eurokey.dev\\\/fr\\\/#website\"},\"datePublished\":\"2021-12-14T12:53:23+00:00\",\"dateModified\":\"2022-11-23T11:32:36+00:00\",\"breadcrumb\":{\"@id\":\"https:\\\/\\\/comingreat-26-04.eurokey.dev\\\/fr\\\/mentions-legales\\\/#breadcrumb\"},\"inLanguage\":\"fr-FR\",\"potentialAction\":[{\"@type\":\"ReadAction\",\"target\":[\"https:\\\/\\\/comingreat-26-04.eurokey.dev\\\/fr\\\/mentions-legales\\\/\"]}]},{\"@type\":\"BreadcrumbList\",\"@id\":\"https:\\\/\\\/comingreat-26-04.eurokey.dev\\\/fr\\\/mentions-legales\\\/#breadcrumb\",\"itemListElement\":[{\"@type\":\"ListItem\",\"position\":1,\"name\":\"Page d'acceuil\",\"item\":\"https:\\\/\\\/comingreat-26-04.eurokey.dev\\\/fr\\\/\"},{\"@type\":\"ListItem\",\"position\":2,\"name\":\"mentions l\u00e9gales\"}]},{\"@type\":\"WebSite\",\"@id\":\"https:\\\/\\\/comingreat-26-04.eurokey.dev\\\/fr\\\/#website\",\"url\":\"https:\\\/\\\/comingreat-26-04.eurokey.dev\\\/fr\\\/\",\"name\":\"CoMinGreat\",\"description\":\"Mikroschadstoffe in der Gro\u00dfregion\",\"publisher\":{\"@id\":\"https:\\\/\\\/comingreat-26-04.eurokey.dev\\\/fr\\\/#organization\"},\"potentialAction\":[{\"@type\":\"SearchAction\",\"target\":{\"@type\":\"EntryPoint\",\"urlTemplate\":\"https:\\\/\\\/comingreat-26-04.eurokey.dev\\\/fr\\\/?s={search_term_string}\"},\"query-input\":{\"@type\":\"PropertyValueSpecification\",\"valueRequired\":true,\"valueName\":\"search_term_string\"}}],\"inLanguage\":\"fr-FR\"},{\"@type\":\"Organization\",\"@id\":\"https:\\\/\\\/comingreat-26-04.eurokey.dev\\\/fr\\\/#organization\",\"name\":\"CoMinGreat\",\"url\":\"https:\\\/\\\/comingreat-26-04.eurokey.dev\\\/fr\\\/\",\"logo\":{\"@type\":\"ImageObject\",\"inLanguage\":\"fr-FR\",\"@id\":\"https:\\\/\\\/comingreat-26-04.eurokey.dev\\\/fr\\\/#\\\/schema\\\/logo\\\/image\\\/\",\"url\":\"https:\\\/\\\/comingreat-26-04.eurokey.dev\\\/wp-content\\\/uploads\\\/2022\\\/09\\\/Interreg_GR_CoMinGreat_RGB_web.svg\",\"contentUrl\":\"https:\\\/\\\/comingreat-26-04.eurokey.dev\\\/wp-content\\\/uploads\\\/2022\\\/09\\\/Interreg_GR_CoMinGreat_RGB_web.svg\",\"width\":437,\"height\":177,\"caption\":\"CoMinGreat\"},\"image\":{\"@id\":\"https:\\\/\\\/comingreat-26-04.eurokey.dev\\\/fr\\\/#\\\/schema\\\/logo\\\/image\\\/\"}}]}<\/script>\n<!-- \/ Yoast SEO plugin. -->","yoast_head_json":{"title":"mentions l\u00e9gales - CoMinGreat","robots":{"index":"index","follow":"follow","max-snippet":"max-snippet:-1","max-image-preview":"max-image-preview:large","max-video-preview":"max-video-preview:-1"},"canonical":"https:\/\/comingreat-26-04.eurokey.dev\/fr\/mentions-legales\/","og_locale":"fr_FR","og_type":"article","og_title":"mentions l\u00e9gales - CoMinGreat","og_description":"Mentions l\u00e9gales Conform\u00e9ment \u00e0 l\u2019article 5 de la loi allemande relative aux m\u00e9dias num\u00e9riques (TMG) Entsorgungsverband SaarPersonne morale de droit publicUntert\u00fcrkheimer Stra\u00dfe 2166117 SarrebruckT\u00e9l.\u00a0: 0681 5000-0Fax\u00a0: 0681 5000-550E-mail\u00a0: planung-konzeption@evs.de Repr\u00e9sent\u00e9e par ses g\u00e9rants\u00a0:Stefan Kunz et Holger Schmitt Num\u00e9ro d\u2019identification T.V.A.\u00a0: DE 157 728 809 \u00a0 Autorit\u00e9 de tutelle Ministerium f\u00fcr Umwelt, Klima, Mobilit\u00e4t, Agrar und [&hellip;]","og_url":"https:\/\/comingreat-26-04.eurokey.dev\/fr\/mentions-legales\/","og_site_name":"CoMinGreat","article_modified_time":"2022-11-23T11:32:36+00:00","twitter_card":"summary_large_image","twitter_misc":{"Dur\u00e9e de lecture estim\u00e9e":"3 minutes"},"schema":{"@context":"https:\/\/schema.org","@graph":[{"@type":"WebPage","@id":"https:\/\/comingreat-26-04.eurokey.dev\/fr\/mentions-legales\/","url":"https:\/\/comingreat-26-04.eurokey.dev\/fr\/mentions-legales\/","name":"mentions l\u00e9gales - CoMinGreat","isPartOf":{"@id":"https:\/\/comingreat-26-04.eurokey.dev\/fr\/#website"},"datePublished":"2021-12-14T12:53:23+00:00","dateModified":"2022-11-23T11:32:36+00:00","breadcrumb":{"@id":"https:\/\/comingreat-26-04.eurokey.dev\/fr\/mentions-legales\/#breadcrumb"},"inLanguage":"fr-FR","potentialAction":[{"@type":"ReadAction","target":["https:\/\/comingreat-26-04.eurokey.dev\/fr\/mentions-legales\/"]}]},{"@type":"BreadcrumbList","@id":"https:\/\/comingreat-26-04.eurokey.dev\/fr\/mentions-legales\/#breadcrumb","itemListElement":[{"@type":"ListItem","position":1,"name":"Page d'acceuil","item":"https:\/\/comingreat-26-04.eurokey.dev\/fr\/"},{"@type":"ListItem","position":2,"name":"mentions l\u00e9gales"}]},{"@type":"WebSite","@id":"https:\/\/comingreat-26-04.eurokey.dev\/fr\/#website","url":"https:\/\/comingreat-26-04.eurokey.dev\/fr\/","name":"CoMinGreat","description":"Mikroschadstoffe in der Gro\u00dfregion","publisher":{"@id":"https:\/\/comingreat-26-04.eurokey.dev\/fr\/#organization"},"potentialAction":[{"@type":"SearchAction","target":{"@type":"EntryPoint","urlTemplate":"https:\/\/comingreat-26-04.eurokey.dev\/fr\/?s={search_term_string}"},"query-input":{"@type":"PropertyValueSpecification","valueRequired":true,"valueName":"search_term_string"}}],"inLanguage":"fr-FR"},{"@type":"Organization","@id":"https:\/\/comingreat-26-04.eurokey.dev\/fr\/#organization","name":"CoMinGreat","url":"https:\/\/comingreat-26-04.eurokey.dev\/fr\/","logo":{"@type":"ImageObject","inLanguage":"fr-FR","@id":"https:\/\/comingreat-26-04.eurokey.dev\/fr\/#\/schema\/logo\/image\/","url":"https:\/\/comingreat-26-04.eurokey.dev\/wp-content\/uploads\/2022\/09\/Interreg_GR_CoMinGreat_RGB_web.svg","contentUrl":"https:\/\/comingreat-26-04.eurokey.dev\/wp-content\/uploads\/2022\/09\/Interreg_GR_CoMinGreat_RGB_web.svg","width":437,"height":177,"caption":"CoMinGreat"},"image":{"@id":"https:\/\/comingreat-26-04.eurokey.dev\/fr\/#\/schema\/logo\/image\/"}}]}},"_links":{"self":[{"href":"https:\/\/comingreat-26-04.eurokey.dev\/fr\/wp-json\/wp\/v2\/pages\/3154","targetHints":{"allow":["GET"]}}],"collection":[{"href":"https:\/\/comingreat-26-04.eurokey.dev\/fr\/wp-json\/wp\/v2\/pages"}],"about":[{"href":"https:\/\/comingreat-26-04.eurokey.dev\/fr\/wp-json\/wp\/v2\/types\/page"}],"author":[{"embeddable":true,"href":"https:\/\/comingreat-26-04.eurokey.dev\/fr\/wp-json\/wp\/v2\/users\/1"}],"replies":[{"embeddable":true,"href":"https:\/\/comingreat-26-04.eurokey.dev\/fr\/wp-json\/wp\/v2\/comments?post=3154"}],"version-history":[{"count":15,"href":"https:\/\/comingreat-26-04.eurokey.dev\/fr\/wp-json\/wp\/v2\/pages\/3154\/revisions"}],"predecessor-version":[{"id":10079,"href":"https:\/\/comingreat-26-04.eurokey.dev\/fr\/wp-json\/wp\/v2\/pages\/3154\/revisions\/10079"}],"wp:attachment":[{"href":"https:\/\/comingreat-26-04.eurokey.dev\/fr\/wp-json\/wp\/v2\/media?parent=3154"}],"curies":[{"name":"wp","href":"https:\/\/api.w.org\/{rel}","templated":true}]}}